{"id":2602,"date":"2023-07-12T11:04:03","date_gmt":"2023-07-12T09:04:03","guid":{"rendered":"https:\/\/airsoundlocation.ch\/cart\/"},"modified":"2024-10-29T19:30:44","modified_gmt":"2024-10-29T18:30:44","slug":"cart","status":"publish","type":"page","link":"https:\/\/airsoundlocation.ch\/en\/cart\/","title":{"rendered":"Cart"},"content":{"rendered":"<p>[et_pb_section fb_built=&#8221;1&#8243; _builder_version=&#8221;4.22.1&#8243; custom_padding=&#8221;10px||10px||false|false&#8221; da_disable_devices=&#8221;off|off|off&#8221; global_colors_info=&#8221;{}&#8221; da_is_popup=&#8221;off&#8221; da_exit_intent=&#8221;off&#8221; da_has_close=&#8221;on&#8221; da_alt_close=&#8221;off&#8221; da_dark_close=&#8221;off&#8221; da_not_modal=&#8221;on&#8221; da_is_singular=&#8221;off&#8221; da_with_loader=&#8221;off&#8221; da_has_shadow=&#8221;on&#8221;][et_pb_row _builder_version=&#8221;4.22.1&#8243; background_size=&#8221;initial&#8221; background_position=&#8221;top_left&#8221; background_repeat=&#8221;repeat&#8221; global_colors_info=&#8221;{}&#8221;][et_pb_column type=&#8221;4_4&#8243; _builder_version=&#8221;4.16&#8243; custom_padding=&#8221;|||&#8221; global_colors_info=&#8221;{}&#8221; custom_padding__hover=&#8221;|||&#8221;][et_pb_text _builder_version=&#8221;4.22.1&#8243; _module_preset=&#8221;default&#8221; global_colors_info=&#8221;{}&#8221;]<\/p>\n<h1>Demande de r\u00e9servation (\u00e9tape 1 sur 2)<\/h1>\n<p>[\/et_pb_text][et_pb_wc_cart_notice _builder_version=&#8221;4.16&#8243; hover_enabled=&#8221;0&#8243; global_colors_info=&#8221;{}&#8221; sticky_enabled=&#8221;0&#8243;][\/et_pb_wc_cart_notice][et_pb_wc_cart_products vertical_gutter_width=&#8221;12px&#8221; _builder_version=&#8221;4.23.1&#8243; table_background_color=&#8221;#FFFFFF&#8221; table_cell_background_color=&#8221;#ffffff&#8221; table_cell_alternating_background_color=&#8221;#ffffff&#8221; form_field_custom_padding=&#8221;10px||10px||true|false&#8221; body_text_align=&#8221;left&#8221; link_text_color=&#8221;#000000&#8243; table_header_font=&#8221;Poppins|||on|||||&#8221; table_header_text_align=&#8221;left&#8221; table_header_font_size=&#8221;15px&#8221; table_header_letter_spacing=&#8221;1px&#8221; icon_font_size=&#8221;1.6em&#8221; form_field_text_align=&#8221;left&#8221; custom_button=&#8221;on&#8221; button_text_size=&#8221;17px&#8221; button_border_radius=&#8221;100px&#8221; button_use_icon=&#8221;off&#8221; custom_disabled_button=&#8221;on&#8221; disabled_button_text_size=&#8221;17px&#8221; disabled_button_border_radius=&#8221;100px&#8221; disabled_button_use_icon=&#8221;off&#8221; text_orientation=&#8221;left&#8221; custom_padding=&#8221;|20px||20px|false|true&#8221; hover_enabled=&#8221;0&#8243; border_radii=&#8221;on|10px|10px|10px|10px&#8221; border_width_all=&#8221;2px&#8221; border_color_all=&#8221;#efefef&#8221; border_style_all_image=&#8221;none&#8221; border_width_all_table=&#8221;0px&#8221; border_style_all_table=&#8221;none&#8221; border_color_all_table_cell=&#8221;rgba(0,0,0,0.2)&#8221; border_style_all_table_cell=&#8221;none&#8221; border_radii_form_field=&#8221;on|10px|10px|10px|10px&#8221; global_colors_info=&#8221;{}&#8221; button_text_color__hover_enabled=&#8221;on|desktop&#8221; button_text_color__hover=&#8221;#6635fc&#8221; disabled_button_text_color__hover_enabled=&#8221;on|desktop&#8221; disabled_button_text_color__hover=&#8221;#6635fc&#8221; sticky_enabled=&#8221;0&#8243; button_border_width=&#8221;2px&#8221;][\/et_pb_wc_cart_products][\/et_pb_column][\/et_pb_row][et_pb_row column_structure=&#8221;1_2,1_2&#8243; _builder_version=&#8221;4.16&#8243; background_size=&#8221;initial&#8221; background_position=&#8221;top_left&#8221; background_repeat=&#8221;repeat&#8221; global_colors_info=&#8221;{}&#8221;][et_pb_column type=&#8221;1_2&#8243; _builder_version=&#8221;4.16&#8243; custom_padding=&#8221;|||&#8221; global_colors_info=&#8221;{}&#8221; custom_padding__hover=&#8221;|||&#8221;][et_pb_text _builder_version=&#8221;4.22.1&#8243; _module_preset=&#8221;default&#8221; text_font=&#8221;|300|||||||&#8221; text_text_color=&#8221;#424242&#8243; text_font_size=&#8221;20px&#8221; text_line_height=&#8221;1.4em&#8221; global_colors_info=&#8221;{}&#8221;]<\/p>\n<p><strong>Paiement :<\/strong><\/p>\n<p>Le r\u00e8glement se fait \u00e0 la prise en charge du mat\u00e9riel<\/p>\n<p><strong>Disponibilit\u00e9 :<\/strong><\/p>\n<p>Le mat\u00e9riel list\u00e9 dans votre panier est \u00e0 la location sous r\u00e9serve de disponibilit\u00e9<\/p>\n<p><strong>Coefficient de location :<\/strong><\/p>\n<p>Celui ci est d\u00e9gressif. Modifiez le en fonction de vos dates de location sur la page suivante<\/p>\n<p>[\/et_pb_text][et_pb_wc_cross_sells disabled_on=&#8221;on|on|on&#8221; _builder_version=&#8221;4.22.1&#8243; hover_enabled=&#8221;0&#8243; disabled=&#8221;on&#8221; global_colors_info=&#8221;{}&#8221; sticky_enabled=&#8221;0&#8243;][\/et_pb_wc_cross_sells][\/et_pb_column][et_pb_column type=&#8221;1_2&#8243; _builder_version=&#8221;4.16&#8243; custom_padding=&#8221;|||&#8221; global_colors_info=&#8221;{}&#8221; custom_padding__hover=&#8221;|||&#8221;][et_pb_wc_cart_totals _builder_version=&#8221;4.23.1&#8243; custom_button=&#8221;on&#8221; button_border_color=&#8221;#8300E9&#8243; button_border_radius=&#8221;100px&#8221; button_use_icon=&#8221;off&#8221; custom_padding=&#8221;29px|17px|0px|17px|false|true&#8221; hover_enabled=&#8221;0&#8243; border_radii=&#8221;on|10px|10px|10px|10px&#8221; border_width_all=&#8221;2px&#8221; border_color_all=&#8221;#efefef&#8221; global_colors_info=&#8221;{}&#8221; button_text_color__hover_enabled=&#8221;on|desktop&#8221; button_text_color__hover=&#8221;#8300E9&#8243; button_border_color__hover_enabled=&#8221;on|hover&#8221; button_border_color__hover=&#8221;RGBA(255,255,255,0)&#8221; button_text_color=&#8221;#FFFFFF&#8221; button_bg_color=&#8221;#8300E9&#8243; button_bg_enable_color=&#8221;on&#8221; sticky_enabled=&#8221;0&#8243; button_border_width=&#8221;0px&#8221;][\/et_pb_wc_cart_totals][\/et_pb_column][\/et_pb_row][\/et_pb_section]<\/p>\n","protected":false},"excerpt":{"rendered":"<p>Demande de r\u00e9servation (\u00e9tape 1 sur 2)Paiement : Le r\u00e8glement se fait \u00e0 la prise en charge du mat\u00e9riel Disponibilit\u00e9 : Le mat\u00e9riel list\u00e9 dans votre panier est \u00e0 la location sous r\u00e9serve de disponibilit\u00e9 Coefficient de location : Celui ci est d\u00e9gressif. Modifiez le en fonction de vos dates de location sur la page [&hellip;]<\/p>\n","protected":false},"author":1,"featured_media":0,"parent":0,"menu_order":0,"comment_status":"closed","ping_status":"closed","template":"","meta":{"_acf_changed":false,"_et_pb_use_builder":"on","_et_pb_old_content":"","_et_gb_content_width":"","_monsterinsights_skip_tracking":false,"_monsterinsights_sitenote_active":false,"_monsterinsights_sitenote_note":"","_monsterinsights_sitenote_category":0,"footnotes":""},"class_list":["post-2602","page","type-page","status-publish","hentry"],"acf":[],"_links":{"self":[{"href":"https:\/\/airsoundlocation.ch\/en\/wp-json\/wp\/v2\/pages\/2602","targetHints":{"allow":["GET"]}}],"collection":[{"href":"https:\/\/airsoundlocation.ch\/en\/wp-json\/wp\/v2\/pages"}],"about":[{"href":"https:\/\/airsoundlocation.ch\/en\/wp-json\/wp\/v2\/types\/page"}],"author":[{"embeddable":true,"href":"https:\/\/airsoundlocation.ch\/en\/wp-json\/wp\/v2\/users\/1"}],"replies":[{"embeddable":true,"href":"https:\/\/airsoundlocation.ch\/en\/wp-json\/wp\/v2\/comments?post=2602"}],"version-history":[{"count":0,"href":"https:\/\/airsoundlocation.ch\/en\/wp-json\/wp\/v2\/pages\/2602\/revisions"}],"wp:attachment":[{"href":"https:\/\/airsoundlocation.ch\/en\/wp-json\/wp\/v2\/media?parent=2602"}],"curies":[{"name":"wp","href":"https:\/\/api.w.org\/{rel}","templated":true}]}}