{"id":1119,"date":"2023-07-12T11:17:55","date_gmt":"2023-07-12T09:17:55","guid":{"rendered":"https:\/\/airsoundlocation.ch\/?post_type=product&#038;p=1119"},"modified":"2024-01-28T17:30:22","modified_gmt":"2024-01-28T16:30:22","slug":"soundboks-3","status":"publish","type":"product","link":"https:\/\/airsoundlocation.ch\/en\/produit\/soundboks-3\/","title":{"rendered":"Soundboks 3"},"content":{"rendered":"<p>Profitez d&#8217;une exp\u00e9rience sonore professionnelle en plein air in\u00e9gal\u00e9e avec le Soundboks Gen. 3.<\/p>\n<ul>\n<li><strong>Amplificateur<\/strong> :\n<ul>\n<li>Ampli Merus Audio eximo\u00ae<\/li>\n<li>3x amplificateurs classe D 72 W RMS<\/li>\n<li>DSP avanc\u00e9 pour les basses<\/li>\n<\/ul>\n<\/li>\n<li><strong>Haut-parleurs<\/strong> :\n<ul>\n<li>2x woofers 10\u201d (96 dB)<\/li>\n<li>1x tweeter \u00e0 compression 1\u201d (104 dB)<\/li>\n<\/ul>\n<\/li>\n<li><strong>Acoustique<\/strong> :\n<ul>\n<li>Gamme : 40Hz &#8211; 20kHz<\/li>\n<li>Profil sonore ajustable avec amplificateur de basses<\/li>\n<\/ul>\n<\/li>\n<li><strong>Connectivit\u00e9<\/strong> :\n<ul>\n<li>Bluetooth 5.0<\/li>\n<li>Connexion TeamUP pour interconnecter jusqu&#8217;\u00e0 5 enceintes Soundboks<\/li>\n<li>Multiple entr\u00e9es : 2x micro\/instrument (XLR, 1\/4\u201d), 1x entr\u00e9e st\u00e9r\u00e9o 3,5 mm, 1x sortie st\u00e9r\u00e9o 3,5 mm<\/li>\n<\/ul>\n<\/li>\n<li><strong>Mat\u00e9riau<\/strong> :\n<ul>\n<li>Bo\u00eetier en bois de peuplier<\/li>\n<li>Ch\u00e2ssis en aluminium<\/li>\n<\/ul>\n<\/li>\n<li><strong>Caract\u00e9ristiques sp\u00e9ciales<\/strong> :\n<ul>\n<li>IP65: R\u00e9sistant \u00e0 l&#8217;eau et \u00e0 la poussi\u00e8re<\/li>\n<li>Grille et batteries interchangeables<\/li>\n<li>Autonomie : 40h (mi-volume), 5h (plein volume)<\/li>\n<li>Batterie : 12,8V 7,8Ah LiFePO4<\/li>\n<li>Dimensions : 66 \u00d7 43 \u00d7 32 cm<\/li>\n<li>Poids : 15,4 kg<\/li>\n<\/ul>\n<\/li>\n<\/ul>\n","protected":false},"excerpt":{"rendered":"<p>La Soundboks Gen. 3 est le choix ultime pour les professionnels de l&#8217;audio en qu\u00eate d&#8217;une puissance exceptionnelle pour les \u00e9v\u00e9nements ext\u00e9rieurs. Avec un volume impressionnant de 126 dB, une autonomie impressionnante de 40 heures \u00e0 mi-volume, une connectivit\u00e9 sans faille gr\u00e2ce au Bluetooth 5.0, et une r\u00e9sistance aux \u00e9l\u00e9ments, cette enceinte a \u00e9t\u00e9 con\u00e7ue pour impressionner \u00e0 chaque utilisation.<\/p>\n","protected":false},"featured_media":1799,"comment_status":"open","ping_status":"closed","template":"","meta":{"_acf_changed":false,"_et_pb_use_builder":"on","_et_pb_old_content":"Profitez d'une exp\u00e9rience sonore professionnelle en plein air in\u00e9gal\u00e9e avec le Soundboks Gen. 3.\r\n<ul>\r\n \t<li><strong>Amplificateur<\/strong> :\r\n<ul>\r\n \t<li>Ampli Merus Audio eximo\u00ae<\/li>\r\n \t<li>3x amplificateurs classe D 72 W RMS<\/li>\r\n \t<li>DSP avanc\u00e9 pour les basses<\/li>\r\n<\/ul>\r\n<\/li>\r\n \t<li><strong>Haut-parleurs<\/strong> :\r\n<ul>\r\n \t<li>2x woofers 10\u201d (96 dB)<\/li>\r\n \t<li>1x tweeter \u00e0 compression 1\u201d (104 dB)<\/li>\r\n<\/ul>\r\n<\/li>\r\n \t<li><strong>Acoustique<\/strong> :\r\n<ul>\r\n \t<li>Gamme : 40Hz - 20kHz<\/li>\r\n \t<li>Profil sonore ajustable avec amplificateur de basses<\/li>\r\n<\/ul>\r\n<\/li>\r\n \t<li><strong>Connectivit\u00e9<\/strong> :\r\n<ul>\r\n \t<li>Bluetooth 5.0<\/li>\r\n \t<li>Connexion TeamUP pour interconnecter jusqu'\u00e0 5 enceintes Soundboks<\/li>\r\n \t<li>Multiple entr\u00e9es : 2x micro\/instrument (XLR, 1\/4\u201d), 1x entr\u00e9e st\u00e9r\u00e9o 3,5 mm, 1x sortie st\u00e9r\u00e9o 3,5 mm<\/li>\r\n<\/ul>\r\n<\/li>\r\n \t<li><strong>Mat\u00e9riau<\/strong> :\r\n<ul>\r\n \t<li>Bo\u00eetier en bois de peuplier<\/li>\r\n \t<li>Ch\u00e2ssis en aluminium<\/li>\r\n<\/ul>\r\n<\/li>\r\n \t<li><strong>Caract\u00e9ristiques sp\u00e9ciales<\/strong> :\r\n<ul>\r\n \t<li>IP65: R\u00e9sistant \u00e0 l'eau et \u00e0 la poussi\u00e8re<\/li>\r\n \t<li>Grille et batteries interchangeables<\/li>\r\n \t<li>Autonomie : 40h (mi-volume), 5h (plein volume)<\/li>\r\n \t<li>Batterie : 12,8V 7,8Ah LiFePO4<\/li>\r\n \t<li>Dimensions : 66 \u00d7 43 \u00d7 32 cm<\/li>\r\n \t<li>Poids : 15,4 kg<\/li>\r\n<\/ul>\r\n<\/li>\r\n<\/ul>","_et_gb_content_width":"","_monsterinsights_skip_tracking":false,"_monsterinsights_sitenote_active":false,"_monsterinsights_sitenote_note":"","_monsterinsights_sitenote_category":0},"product_brand":[],"product_cat":[37,56],"product_tag":[],"class_list":{"0":"post-1119","1":"product","2":"type-product","3":"status-publish","4":"has-post-thumbnail","6":"product_cat-autonomes","7":"product_cat-hp-karaoke","9":"first","10":"instock","11":"downloadable","12":"virtual","13":"purchasable","14":"product-type-simple"},"bundled_by":["1518","1526","1519","1522","1521","2443","2444","2447"],"bundle_stock_status":"instock","bundle_stock_quantity":null,"bundle_virtual":false,"bundle_layout":"","bundle_add_to_cart_form_location":"","bundle_editable_in_cart":false,"bundle_sold_individually_context":"","bundle_item_grouping":"","bundle_min_size":"","bundle_max_size":"","bundle_price":[],"bundled_items":[],"bundle_sell_ids":[],"acf":[],"_links":{"self":[{"href":"https:\/\/airsoundlocation.ch\/en\/wp-json\/wp\/v2\/product\/1119","targetHints":{"allow":["GET"]}}],"collection":[{"href":"https:\/\/airsoundlocation.ch\/en\/wp-json\/wp\/v2\/product"}],"about":[{"href":"https:\/\/airsoundlocation.ch\/en\/wp-json\/wp\/v2\/types\/product"}],"replies":[{"embeddable":true,"href":"https:\/\/airsoundlocation.ch\/en\/wp-json\/wp\/v2\/comments?post=1119"}],"wp:featuredmedia":[{"embeddable":true,"href":"https:\/\/airsoundlocation.ch\/en\/wp-json\/wp\/v2\/media\/1799"}],"wp:attachment":[{"href":"https:\/\/airsoundlocation.ch\/en\/wp-json\/wp\/v2\/media?parent=1119"}],"wp:term":[{"taxonomy":"product_brand","embeddable":true,"href":"https:\/\/airsoundlocation.ch\/en\/wp-json\/wp\/v2\/product_brand?post=1119"},{"taxonomy":"product_cat","embeddable":true,"href":"https:\/\/airsoundlocation.ch\/en\/wp-json\/wp\/v2\/product_cat?post=1119"},{"taxonomy":"product_tag","embeddable":true,"href":"https:\/\/airsoundlocation.ch\/en\/wp-json\/wp\/v2\/product_tag?post=1119"}],"curies":[{"name":"wp","href":"https:\/\/api.w.org\/{rel}","templated":true}]}}