{"id":1259,"date":"2023-08-24T15:57:50","date_gmt":"2023-08-24T13:57:50","guid":{"rendered":"https:\/\/airsoundlocation.ch\/?post_type=product&#038;p=1259"},"modified":"2023-10-20T17:55:26","modified_gmt":"2023-10-20T15:55:26","slug":"micros-sans-fil-jbl","status":"publish","type":"product","link":"https:\/\/airsoundlocation.ch\/en\/produit\/micros-sans-fil-jbl\/","title":{"rendered":"Micros Sans Fil JBL"},"content":{"rendered":"<p>Occupez le devant de la sc\u00e8ne avec les microphones sans fil JBL, con\u00e7us pour fournir un son Pro JBL d&#8217;origine combin\u00e9 \u00e0 une clart\u00e9 vocale exceptionnelle. Chantez avec assurance, gr\u00e2ce \u00e0 une technologie qui \u00e9limine les distorsions, retards et interf\u00e9rences. L&#8217;installation est simplifi\u00e9e avec le syst\u00e8me <strong>plug-and-play<\/strong> : branchez simplement l&#8217;amplificateur double canal \u00e0 votre enceinte, allumez les micros, et vous \u00eates pr\u00eat \u00e0 briller.<\/p>\n<p>L&#8217;amplificateur rechargeable, avec une autonomie pouvant atteindre<strong> 6 heures<\/strong>, garantit que vous restez sous les projecteurs pendant de longues p\u00e9riodes. De plus, avec deux microphones inclus, pr\u00e9parez-vous pour des <strong>duos<\/strong> m\u00e9morables. Vos voix se m\u00e9langeront harmonieusement, donnant vie \u00e0 chaque performance.<\/p>\n<p>Sur le plan technique, le set se distingue par une r\u00e9ponse en fr\u00e9quence de 65 Hz \u00e0 15 kHz, un taux de distorsion harmonique typique de 0,5 %, et une puissance d&#8217;\u00e9mission de l&#8217;\u00e9metteur de moins de 10 mW. De plus, avec une distance op\u00e9rationnelle de plus de 10 m entre l&#8217;\u00e9metteur et l&#8217;amplificateur, vous disposez d&#8217;une grande libert\u00e9 de mouvement sur sc\u00e8ne.<\/p>\n<p>Le pack est complet et comprend 2 microphones sans fil et un amplificateur sans fil. Avec un poids de 235 g pour chaque microphone et 54 g pour l&#8217;amplificateur, il est aussi compact et portable. Ainsi, que vous soyez professionnel ou amateur, les microphones sans fil JBL sont l&#8217;outil parfait pour toute performance vocale.<\/p>\n","protected":false},"excerpt":{"rendered":"<p>Le set de microphones sans fil JBL offre une clart\u00e9 vocale cristalline et un son Pro JBL authentique. Facile \u00e0 installer, il dispose d&#8217;un amplificateur rechargeable double canal pour un duo parfait et une autonomie allant jusqu&#8217;\u00e0 6 heures. Le pack comprend 2 micros, un amplificateur-r\u00e9cepteur.<\/p>\n","protected":false},"featured_media":1813,"comment_status":"open","ping_status":"closed","template":"","meta":{"_acf_changed":false,"_et_pb_use_builder":"","_et_pb_old_content":"","_et_gb_content_width":"","_monsterinsights_skip_tracking":false,"_monsterinsights_sitenote_active":false,"_monsterinsights_sitenote_note":"","_monsterinsights_sitenote_category":0},"product_brand":[],"product_cat":[34,47,42,53],"product_tag":[],"class_list":{"0":"post-1259","1":"product","2":"type-product","3":"status-publish","4":"has-post-thumbnail","6":"product_cat-accessoires","7":"product_cat-dj-live","8":"product_cat-karaoke","9":"product_cat-microphones","11":"first","12":"instock","13":"shipping-taxable","14":"purchasable","15":"product-type-simple"},"bundled_by":["1518","1526","1519","1962","1963","1966","1977","1978","1979","1980","1983","1522","1521"],"bundle_stock_status":"instock","bundle_stock_quantity":null,"bundle_virtual":false,"bundle_layout":"","bundle_add_to_cart_form_location":"","bundle_editable_in_cart":false,"bundle_sold_individually_context":"","bundle_item_grouping":"","bundle_min_size":"","bundle_max_size":"","bundle_price":[],"bundled_items":[],"bundle_sell_ids":[],"acf":[],"_links":{"self":[{"href":"https:\/\/airsoundlocation.ch\/en\/wp-json\/wp\/v2\/product\/1259","targetHints":{"allow":["GET"]}}],"collection":[{"href":"https:\/\/airsoundlocation.ch\/en\/wp-json\/wp\/v2\/product"}],"about":[{"href":"https:\/\/airsoundlocation.ch\/en\/wp-json\/wp\/v2\/types\/product"}],"replies":[{"embeddable":true,"href":"https:\/\/airsoundlocation.ch\/en\/wp-json\/wp\/v2\/comments?post=1259"}],"wp:featuredmedia":[{"embeddable":true,"href":"https:\/\/airsoundlocation.ch\/en\/wp-json\/wp\/v2\/media\/1813"}],"wp:attachment":[{"href":"https:\/\/airsoundlocation.ch\/en\/wp-json\/wp\/v2\/media?parent=1259"}],"wp:term":[{"taxonomy":"product_brand","embeddable":true,"href":"https:\/\/airsoundlocation.ch\/en\/wp-json\/wp\/v2\/product_brand?post=1259"},{"taxonomy":"product_cat","embeddable":true,"href":"https:\/\/airsoundlocation.ch\/en\/wp-json\/wp\/v2\/product_cat?post=1259"},{"taxonomy":"product_tag","embeddable":true,"href":"https:\/\/airsoundlocation.ch\/en\/wp-json\/wp\/v2\/product_tag?post=1259"}],"curies":[{"name":"wp","href":"https:\/\/api.w.org\/{rel}","templated":true}]}}