{"id":1260,"date":"2023-08-24T16:01:03","date_gmt":"2023-08-24T14:01:03","guid":{"rendered":"https:\/\/airsoundlocation.ch\/?post_type=product&#038;p=1260"},"modified":"2024-08-29T18:40:38","modified_gmt":"2024-08-29T16:40:38","slug":"jbl-partybox-310","status":"publish","type":"product","link":"https:\/\/airsoundlocation.ch\/en\/produit\/jbl-partybox-310\/","title":{"rendered":"JBL PartyBox 310"},"content":{"rendered":"<h2 class=\"h2-master\">Description<\/h2>\n<p class=\"h2-master\">D\u00e9couvrez la JBL PartyBox 310, o\u00f9 l&#8217;innovation rencontre la portabilit\u00e9. Cette enceinte exceptionnelle offre un son JBL de qualit\u00e9 professionnelle avec 240 watts, combin\u00e9 \u00e0 des effets lumineux \u00e9blouissants qui s&#8217;animent au rythme de vos morceaux pr\u00e9f\u00e9r\u00e9s. Con\u00e7ue pour r\u00e9sister aux \u00e9claboussures, elle est parfaite pour vos soir\u00e9es \u00e0 la plage ou \u00e0 domicile. Gr\u00e2ce \u00e0 une autonomie impressionnante de 18 heures, la f\u00eate ne s&#8217;arr\u00eate jamais. Avec le Bluetooth 5.1, profitez d&#8217;une connexion sans fil fiable et rapide. Et pour les amateurs de chant, la fonction karaok\u00e9 est l\u00e0 pour amplifier le plaisir. Mesurant 32.6 x 68.8 x 36.8 cm et pesant 17.42 kg, elle est con\u00e7ue pour \u00eatre aussi robuste que portable. Red\u00e9finissez vos soir\u00e9es avec la JBL PartyBox 310, o\u00f9 la qualit\u00e9 sonore professionnelle rencontre la libert\u00e9 sans fil.<\/p>\n<h2 class=\"h2-master\">Son JBL puissant et facilement transportable<\/h2>\n<section>Un son puissant, des lumi\u00e8res, une connexion sans fil Bluetooth 5.1, des prises micro, guitare et USB, l&#8217;<strong>enceinte portable JBL PartyBox 310<\/strong>\u00a0poss\u00e8de tous les arguments pour faire de votre soir\u00e9e un moment inoubliable. Mettez le feu sur la piste de danse, improvisez une f\u00eate sur la place ou au bord de la piscine gr\u00e2ce \u00e0 une conception IPX4 et b\u00e9n\u00e9ficiez d&#8217;une autonomie longue dur\u00e9e gr\u00e2ce \u00e0 la batterie int\u00e9gr\u00e9e. Facilement transportable gr\u00e2ce \u00e0 sa poign\u00e9e r\u00e9tractable et ses roulettes, la PartyBox 310 ne vous quittera plus !<\/section>\n<section>\n<div class=\"desc-image\"><img decoding=\"async\" src=\"https:\/\/media.ldlc.com\/bo\/images\/fiches\/enceintes%20connect%C3%A9es\/jbl\/partybox\/310\/enceinte_fete.jpg\" alt=\"\" \/><\/div>\n<div class=\"desc-text\">\n<h2>QUE LA F\u00caTE COMMENCE !<\/h2>\n<p>Mettez l&#8217;ambiance avec l&#8217;enceinte PartyBox 310 et sa puissance RMS de\u00a0<strong>240 Watts<\/strong>. Profitez d&#8217;un\u00a0<strong>son JBL Signature<\/strong>\u00a0pour une exp\u00e9rience immersive et savourez la libert\u00e9 offerte par la\u00a0<strong>technologie Bluetooth 5.1<\/strong>\u00a0embarqu\u00e9e. Cette derni\u00e8re vous permettra de diffuser facilement vos morceaux pr\u00e9f\u00e9r\u00e9s depuis un smartphone ou une tablette.<\/p>\n<p>Si vous avez stock\u00e9 votre playlist sur une cl\u00e9 USB, pas de panique ! Un port d\u00e9di\u00e9 est pr\u00e9sent pour continuer la soir\u00e9e. Enfin, pour que le spectacle soit total, cette enceinte se pare \u00e9galement d&#8217;effets lumineux. Faites danser vos convives et jonglez entre les\u00a0<strong>diff\u00e9rents modes de lumi\u00e8re\u00a0disponibles<\/strong>. Le succ\u00e8s sera au rendez-vous !<\/p>\n<\/div>\n<\/section>\n<section>\n<div class=\"desc-text\">\n<h2>UN MOMENT INOUBLIABLE<\/h2>\n<p>La\u00a0<strong>PartyBox 310<\/strong>\u00a0propose \u00e9galement une\u00a0<strong>entr\u00e9e micro\u00a0<\/strong>et une<strong>\u00a0entr\u00e9e guitare<\/strong>\u00a0pour permettre \u00e0 vos invit\u00e9s de monter sur sc\u00e8ne ! Vous gardez m\u00eame le contr\u00f4le sur le volume des accessoires pour optimiser au maximum le r\u00e9sultat. Sa batterie int\u00e9gr\u00e9e vous offre une\u00a0<strong>autonomie maximale de 18 heures<\/strong>\u00a0et une utilisation nomade agr\u00e9able au quotidien.<\/p>\n<p>Votre f\u00eate prend de l&#8217;ampleur ? Associez deux enceintes PartyBox gr\u00e2ce au mode TWS (True Wireless Stereo) et cr\u00e9ez une ambiance sonore intense et puissante pour tenir jusqu&#8217;au bout de la nuit.<\/p>\n<\/div>\n<div class=\"desc-image\"><img decoding=\"async\" src=\"https:\/\/media.ldlc.com\/bo\/images\/fiches\/enceintes%20connect%C3%A9es\/jbl\/partybox\/310\/enceinte_karaoke.jpg\" alt=\"\" \/><\/div>\n<\/section>\n","protected":false},"excerpt":{"rendered":"<p>Plongez dans une exp\u00e9rience sonore in\u00e9gal\u00e9e avec la JBL PartyBox 310. Puissance de 240 watts, effets lumineux dynamiques et autonomie de 18 heures, le tout dans un design \u00e9l\u00e9gant et transportable. Vivez le son pro, en toute libert\u00e9, o\u00f9 que vous soyez.<\/p>\n","protected":false},"featured_media":1812,"comment_status":"open","ping_status":"closed","template":"","meta":{"_acf_changed":false,"_et_pb_use_builder":"","_et_pb_old_content":"","_et_gb_content_width":"","_monsterinsights_skip_tracking":false,"_monsterinsights_sitenote_active":false,"_monsterinsights_sitenote_note":"","_monsterinsights_sitenote_category":0},"product_brand":[],"product_cat":[37,56],"product_tag":[],"class_list":{"0":"post-1260","1":"product","2":"type-product","3":"status-publish","4":"has-post-thumbnail","6":"product_cat-autonomes","7":"product_cat-hp-karaoke","9":"first","10":"instock","11":"shipping-taxable","12":"purchasable","13":"product-type-simple"},"bundled_by":["1962","1966","1977","1978"],"bundle_stock_status":"instock","bundle_stock_quantity":null,"bundle_virtual":false,"bundle_layout":"","bundle_add_to_cart_form_location":"","bundle_editable_in_cart":false,"bundle_sold_individually_context":"","bundle_item_grouping":"","bundle_min_size":"","bundle_max_size":"","bundle_price":[],"bundled_items":[],"bundle_sell_ids":[],"acf":[],"_links":{"self":[{"href":"https:\/\/airsoundlocation.ch\/en\/wp-json\/wp\/v2\/product\/1260","targetHints":{"allow":["GET"]}}],"collection":[{"href":"https:\/\/airsoundlocation.ch\/en\/wp-json\/wp\/v2\/product"}],"about":[{"href":"https:\/\/airsoundlocation.ch\/en\/wp-json\/wp\/v2\/types\/product"}],"replies":[{"embeddable":true,"href":"https:\/\/airsoundlocation.ch\/en\/wp-json\/wp\/v2\/comments?post=1260"}],"wp:featuredmedia":[{"embeddable":true,"href":"https:\/\/airsoundlocation.ch\/en\/wp-json\/wp\/v2\/media\/1812"}],"wp:attachment":[{"href":"https:\/\/airsoundlocation.ch\/en\/wp-json\/wp\/v2\/media?parent=1260"}],"wp:term":[{"taxonomy":"product_brand","embeddable":true,"href":"https:\/\/airsoundlocation.ch\/en\/wp-json\/wp\/v2\/product_brand?post=1260"},{"taxonomy":"product_cat","embeddable":true,"href":"https:\/\/airsoundlocation.ch\/en\/wp-json\/wp\/v2\/product_cat?post=1260"},{"taxonomy":"product_tag","embeddable":true,"href":"https:\/\/airsoundlocation.ch\/en\/wp-json\/wp\/v2\/product_tag?post=1260"}],"curies":[{"name":"wp","href":"https:\/\/api.w.org\/{rel}","templated":true}]}}