{"id":1261,"date":"2023-08-24T16:02:46","date_gmt":"2023-08-24T14:02:46","guid":{"rendered":"https:\/\/airsoundlocation.ch\/?post_type=product&#038;p=1261"},"modified":"2024-11-05T20:09:48","modified_gmt":"2024-11-05T19:09:48","slug":"batteryboks-soundboks-23","status":"publish","type":"product","link":"https:\/\/airsoundlocation.ch\/en\/produit\/batteryboks-soundboks-23\/","title":{"rendered":"BatteryBoks Batterie Soundboks"},"content":{"rendered":"<div class=\"flex-1 overflow-hidden\">\n<div class=\"react-scroll-to-bottom--css-rtcxs-79elbk h-full dark:bg-gray-800\">\n<div class=\"react-scroll-to-bottom--css-rtcxs-1n7m0yu\">\n<div class=\"flex flex-col text-sm dark:bg-gray-800\">\n<div class=\"group final-completion w-full text-token-text-primary border-b border-black\/10 gizmo:border-0 dark:border-gray-900\/50 gizmo:dark:border-0 bg-gray-50 gizmo:bg-transparent dark:bg-[#444654] gizmo:dark:bg-transparent\" data-testid=\"conversation-turn-7\">\n<div class=\"p-4 justify-center text-base md:gap-6 md:py-6 m-auto\">\n<div class=\"flex flex-1 gap-4 text-base mx-auto md:gap-6 gizmo:gap-3 gizmo:md:px-5 gizmo:lg:px-1 gizmo:xl:px-5 md:max-w-2xl lg:max-w-[38rem] gizmo:md:max-w-3xl gizmo:lg:max-w-[40rem] gizmo:xl:max-w-[48rem] xl:max-w-3xl }\">\n<div class=\"relative flex w-[calc(100%-50px)] flex-col gizmo:w-full lg:w-[calc(100%-115px)] agent-turn\">\n<div class=\"flex-col gap-1 md:gap-3\">\n<div class=\"flex flex-grow flex-col gap-3 max-w-full\">\n<div class=\"min-h-[20px] flex flex-col items-start gap-3 whitespace-pre-wrap break-words overflow-x-auto\">\n<div class=\"markdown prose w-full break-words dark:prose-invert dark\">\n<p>La BATTERYBOKS est une innovation unique sur le march\u00e9: la seule batterie interchangeable sp\u00e9cialement con\u00e7ue pour les Soundboks. Elle est enti\u00e8rement compatible avec les produits SOUNDBOKS, y compris les mod\u00e8les Sb 2, Sb 3, Sb 4 et Sb GO. Les f\u00eatards aguerris reconna\u00eetront l&#8217;importance d&#8217;avoir une batterie de rechange pr\u00eate \u00e0 l&#8217;emploi. Cette batterie offre jusqu&#8217;\u00e0 40 heures de lecture \u00e0 mi volume et, selon le mod\u00e8le d&#8217;enceinte, entre 4 et 6 heures \u00e0 plein volume en mode BASS+. L&#8217;\u00e9change des batteries est simplifi\u00e9 gr\u00e2ce \u00e0 un syst\u00e8me de clip astucieux int\u00e9gr\u00e9 au design original. Ins\u00e9rez simplement la BATTERYBOKS dans le port, branchez le c\u00e2ble, et la prise jack en forme de tonneau garantit une connexion solide m\u00eame sous forte pression.<\/p>\n<\/div>\n<\/div>\n<\/div>\n<\/div>\n<\/div>\n<\/div>\n<\/div>\n<\/div>\n<\/div>\n<\/div>\n<\/div>\n<\/div>\n","protected":false},"excerpt":{"rendered":"<p>Batterie interchangeable pour les mod\u00e8les Soundboks 2, Soundboks 3, Soundboks 4 et Soundboks GO. Offre jusqu&#8217;\u00e0 40 heures de lecture \u00e0 mi volume et 4-6 heures \u00e0 plein volume.<\/p>\n","protected":false},"featured_media":1811,"comment_status":"open","ping_status":"closed","template":"","meta":{"_acf_changed":false,"_et_pb_use_builder":"","_et_pb_old_content":"","_et_gb_content_width":"","_monsterinsights_skip_tracking":false,"_monsterinsights_sitenote_active":false,"_monsterinsights_sitenote_note":"","_monsterinsights_sitenote_category":0},"product_brand":[],"product_cat":[34],"product_tag":[],"class_list":{"0":"post-1261","1":"product","2":"type-product","3":"status-publish","4":"has-post-thumbnail","6":"product_cat-accessoires","8":"first","9":"instock","10":"shipping-taxable","11":"purchasable","12":"product-type-simple"},"bundled_by":[],"bundle_stock_status":"instock","bundle_stock_quantity":null,"bundle_virtual":false,"bundle_layout":"","bundle_add_to_cart_form_location":"","bundle_editable_in_cart":false,"bundle_sold_individually_context":"","bundle_item_grouping":"","bundle_min_size":"","bundle_max_size":"","bundle_price":[],"bundled_items":[],"bundle_sell_ids":[],"acf":[],"_links":{"self":[{"href":"https:\/\/airsoundlocation.ch\/en\/wp-json\/wp\/v2\/product\/1261","targetHints":{"allow":["GET"]}}],"collection":[{"href":"https:\/\/airsoundlocation.ch\/en\/wp-json\/wp\/v2\/product"}],"about":[{"href":"https:\/\/airsoundlocation.ch\/en\/wp-json\/wp\/v2\/types\/product"}],"replies":[{"embeddable":true,"href":"https:\/\/airsoundlocation.ch\/en\/wp-json\/wp\/v2\/comments?post=1261"}],"wp:featuredmedia":[{"embeddable":true,"href":"https:\/\/airsoundlocation.ch\/en\/wp-json\/wp\/v2\/media\/1811"}],"wp:attachment":[{"href":"https:\/\/airsoundlocation.ch\/en\/wp-json\/wp\/v2\/media?parent=1261"}],"wp:term":[{"taxonomy":"product_brand","embeddable":true,"href":"https:\/\/airsoundlocation.ch\/en\/wp-json\/wp\/v2\/product_brand?post=1261"},{"taxonomy":"product_cat","embeddable":true,"href":"https:\/\/airsoundlocation.ch\/en\/wp-json\/wp\/v2\/product_cat?post=1261"},{"taxonomy":"product_tag","embeddable":true,"href":"https:\/\/airsoundlocation.ch\/en\/wp-json\/wp\/v2\/product_tag?post=1261"}],"curies":[{"name":"wp","href":"https:\/\/api.w.org\/{rel}","templated":true}]}}