{"id":1386,"date":"2023-08-25T15:33:10","date_gmt":"2023-08-25T13:33:10","guid":{"rendered":"https:\/\/airsoundlocation.ch\/?post_type=product&#038;p=1386"},"modified":"2024-02-02T13:06:02","modified_gmt":"2024-02-02T12:06:02","slug":"trepied","status":"publish","type":"product","link":"https:\/\/airsoundlocation.ch\/en\/produit\/trepied\/","title":{"rendered":"Tr\u00e9pied"},"content":{"rendered":"<p><strong>Caract\u00e9ristiques :<\/strong><\/p>\n<ul>\n<li>Le tube d&#8217;acier extensible, de 35 mm de diam\u00e8tre, permet un r\u00e9glage manuel de la hauteur en 5 \u00e9tapes \u00e0 intervalles de 17 cm, s\u00e9curis\u00e9 par une goupille de s\u00e9curit\u00e9.<\/li>\n<li>Combinaison de tubes extensible en cinq \u00e9tapes<\/li>\n<li>Hauteur r\u00e9glable de 1230 mm \u00e0 2000 mm<\/li>\n<li>Capacit\u00e9 de charge maximale: 50 kg par tr\u00e9pied<\/li>\n<li>Tubes de pied renforc\u00e9s par des entretoises de soutien<\/li>\n<\/ul>\n<p>&nbsp;<\/p>\n<p>+ Id\u00e9al pour JBL Partybox 100, JBL Partybox 310 et pour la Soundboks 3.<\/p>\n<p>+ Compatible avec toutes nos enceintes actives (Sauf PartyBox 710)<\/p>\n","protected":false},"excerpt":{"rendered":"<p>Tr\u00e9pied d&#8217;enceinte qui positionne les enceintes \u00e0 la hauteur id\u00e9ale, jusqu&#8217;au-dessus du niveau des yeux du public.<\/p>\n","protected":false},"featured_media":1810,"comment_status":"open","ping_status":"closed","template":"","meta":{"_acf_changed":false,"_et_pb_use_builder":"","_et_pb_old_content":"","_et_gb_content_width":"","_monsterinsights_skip_tracking":false,"_monsterinsights_sitenote_active":false,"_monsterinsights_sitenote_note":"","_monsterinsights_sitenote_category":0},"product_brand":[],"product_cat":[34],"product_tag":[],"class_list":{"0":"post-1386","1":"product","2":"type-product","3":"status-publish","4":"has-post-thumbnail","6":"product_cat-accessoires","8":"first","9":"instock","10":"shipping-taxable","11":"purchasable","12":"product-type-simple"},"bundled_by":["1518","1526","1519","1961","1962","1963","1977","1978","1980","1983","1521"],"bundle_stock_status":"instock","bundle_stock_quantity":null,"bundle_virtual":false,"bundle_layout":"","bundle_add_to_cart_form_location":"","bundle_editable_in_cart":false,"bundle_sold_individually_context":"","bundle_item_grouping":"","bundle_min_size":"","bundle_max_size":"","bundle_price":[],"bundled_items":[],"bundle_sell_ids":[],"acf":[],"_links":{"self":[{"href":"https:\/\/airsoundlocation.ch\/en\/wp-json\/wp\/v2\/product\/1386","targetHints":{"allow":["GET"]}}],"collection":[{"href":"https:\/\/airsoundlocation.ch\/en\/wp-json\/wp\/v2\/product"}],"about":[{"href":"https:\/\/airsoundlocation.ch\/en\/wp-json\/wp\/v2\/types\/product"}],"replies":[{"embeddable":true,"href":"https:\/\/airsoundlocation.ch\/en\/wp-json\/wp\/v2\/comments?post=1386"}],"wp:featuredmedia":[{"embeddable":true,"href":"https:\/\/airsoundlocation.ch\/en\/wp-json\/wp\/v2\/media\/1810"}],"wp:attachment":[{"href":"https:\/\/airsoundlocation.ch\/en\/wp-json\/wp\/v2\/media?parent=1386"}],"wp:term":[{"taxonomy":"product_brand","embeddable":true,"href":"https:\/\/airsoundlocation.ch\/en\/wp-json\/wp\/v2\/product_brand?post=1386"},{"taxonomy":"product_cat","embeddable":true,"href":"https:\/\/airsoundlocation.ch\/en\/wp-json\/wp\/v2\/product_cat?post=1386"},{"taxonomy":"product_tag","embeddable":true,"href":"https:\/\/airsoundlocation.ch\/en\/wp-json\/wp\/v2\/product_tag?post=1386"}],"curies":[{"name":"wp","href":"https:\/\/api.w.org\/{rel}","templated":true}]}}