{"id":1387,"date":"2023-08-25T15:37:57","date_gmt":"2023-08-25T13:37:57","guid":{"rendered":"https:\/\/airsoundlocation.ch\/?post_type=product&#038;p=1387"},"modified":"2023-10-19T12:50:00","modified_gmt":"2023-10-19T10:50:00","slug":"projecteur-portable-xgimi-halo","status":"publish","type":"product","link":"https:\/\/airsoundlocation.ch\/en\/produit\/projecteur-portable-xgimi-halo\/","title":{"rendered":"Projecteur Portable Xgimi Halo+"},"content":{"rendered":"<p>XGIMI Halo &#8211; La fusion de la puissance et de la portabilit\u00e9 dans un projecteur<\/p>\n<p>Qualit\u00e9 d&#8217;image exceptionnelle : Le Halo de XGIMI offre une r\u00e9solution Full-HD native de 1920 x 1080 pixels, projetant une image 225 % plus nette que les projecteurs 720p traditionnels. Bien qu&#8217;il soit con\u00e7u pour le Full-HD, il est compatible avec les formats vid\u00e9o 4K Ultra HD, garantissant ainsi une exp\u00e9rience visuelle \u00e9poustouflante.<\/p>\n<p>Technologie avanc\u00e9e : Utilisant la technologie DLP de derni\u00e8re g\u00e9n\u00e9ration, avec prise en charge HDR pour des contrastes am\u00e9lior\u00e9s, et une correction trap\u00e9zo\u00efdale automatique, Halo garantit une image claire et nette sous presque tous les angles.<\/p>\n<p>Syst\u00e8me d&#8217;exploitation et connectivit\u00e9 : Avec Android TV\u2122, les utilisateurs ont un acc\u00e8s facile \u00e0 plus de 5 000 applications via Google Play. De plus, avec Chromecast int\u00e9gr\u00e9 et des commandes vocales, diffuser du contenu depuis divers appareils est un jeu d&#8217;enfant.<\/p>\n<p>Son de premi\u00e8re classe : Le Halo est \u00e9quip\u00e9 de deux enceintes 5W sign\u00e9es Harman\/Kardon, offrant un son Hi-Fi de qualit\u00e9 sans distorsion, id\u00e9al pour des films, de la musique ou m\u00eame une soir\u00e9e karaok\u00e9.<\/p>\n<p>Long\u00e9vit\u00e9 et performance : Sa batterie int\u00e9gr\u00e9e permet 3,5 heures de visionnage vid\u00e9o ou 5 heures d&#8217;\u00e9coute musicale. Le projecteur utilise une source lumineuse LED efficiente qui dure jusqu&#8217;\u00e0 25 000 heures. De plus, avec le nouveau processeur Amlogic et 2 Go de RAM, les utilisateurs peuvent s&#8217;attendre \u00e0 des performances rapides et fluides.<\/p>\n<p>Design compact et portable : Avec un design \u00e9l\u00e9gant et compact, pesant seulement 1,6 kg, et mesurant 113.5 x 145 x 171.5mm, le XGIMI Halo est le compagnon id\u00e9al pour le divertissement en d\u00e9placement.<\/p>\n<p>Inclus dans la bo\u00eete, les utilisateurs trouveront une t\u00e9l\u00e9commande Bluetooth, un adaptateur secteur, une carte de garantie, et un mode d&#8217;emploi pour faciliter la mise en route.<\/p>\n","protected":false},"excerpt":{"rendered":"<p>Le XGIMI Halo est un projecteur portable ultra-lumineux offrant une r\u00e9solution Full-HD native de 1920 x 1080 pixels sur un \u00e9cran pouvant atteindre 200 pouces. Dot\u00e9 de 800 lumens ANSI, il prend en charge la vid\u00e9o 4K Ultra HD et dispose d&#8217;une batterie int\u00e9gr\u00e9e de 60 Wh. Avec le syst\u00e8me d&#8217;exploitation Android TV\u2122, l&#8217;acc\u00e8s \u00e0 plus de 5 000 applications via Google Play, et un son de qualit\u00e9 sign\u00e9 Harman\/Kardon, le Halo est parfait pour un divertissement immersif o\u00f9 que vous soyez.<\/p>\n","protected":false},"featured_media":1809,"comment_status":"open","ping_status":"closed","template":"","meta":{"_acf_changed":false,"_et_pb_use_builder":"","_et_pb_old_content":"","_et_gb_content_width":"","_monsterinsights_skip_tracking":false,"_monsterinsights_sitenote_active":false,"_monsterinsights_sitenote_note":"","_monsterinsights_sitenote_category":0},"product_brand":[],"product_cat":[42,41],"product_tag":[],"class_list":{"0":"post-1387","1":"product","2":"type-product","3":"status-publish","4":"has-post-thumbnail","6":"product_cat-karaoke","7":"product_cat-projection","9":"first","10":"instock","11":"shipping-taxable","12":"purchasable","13":"product-type-simple"},"bundled_by":["1526","1961","1962","1963","1966","1522"],"bundle_stock_status":"instock","bundle_stock_quantity":null,"bundle_virtual":false,"bundle_layout":"","bundle_add_to_cart_form_location":"","bundle_editable_in_cart":false,"bundle_sold_individually_context":"","bundle_item_grouping":"","bundle_min_size":"","bundle_max_size":"","bundle_price":[],"bundled_items":[],"bundle_sell_ids":[],"acf":[],"_links":{"self":[{"href":"https:\/\/airsoundlocation.ch\/en\/wp-json\/wp\/v2\/product\/1387","targetHints":{"allow":["GET"]}}],"collection":[{"href":"https:\/\/airsoundlocation.ch\/en\/wp-json\/wp\/v2\/product"}],"about":[{"href":"https:\/\/airsoundlocation.ch\/en\/wp-json\/wp\/v2\/types\/product"}],"replies":[{"embeddable":true,"href":"https:\/\/airsoundlocation.ch\/en\/wp-json\/wp\/v2\/comments?post=1387"}],"wp:featuredmedia":[{"embeddable":true,"href":"https:\/\/airsoundlocation.ch\/en\/wp-json\/wp\/v2\/media\/1809"}],"wp:attachment":[{"href":"https:\/\/airsoundlocation.ch\/en\/wp-json\/wp\/v2\/media?parent=1387"}],"wp:term":[{"taxonomy":"product_brand","embeddable":true,"href":"https:\/\/airsoundlocation.ch\/en\/wp-json\/wp\/v2\/product_brand?post=1387"},{"taxonomy":"product_cat","embeddable":true,"href":"https:\/\/airsoundlocation.ch\/en\/wp-json\/wp\/v2\/product_cat?post=1387"},{"taxonomy":"product_tag","embeddable":true,"href":"https:\/\/airsoundlocation.ch\/en\/wp-json\/wp\/v2\/product_tag?post=1387"}],"curies":[{"name":"wp","href":"https:\/\/api.w.org\/{rel}","templated":true}]}}