{"id":1388,"date":"2023-08-25T15:43:01","date_gmt":"2023-08-25T13:43:01","guid":{"rendered":"https:\/\/airsoundlocation.ch\/?post_type=product&#038;p=1388"},"modified":"2025-08-24T10:52:52","modified_gmt":"2025-08-24T08:52:52","slug":"toile-de-projection","status":"publish","type":"product","link":"https:\/\/airsoundlocation.ch\/en\/produit\/toile-de-projection\/","title":{"rendered":"\u00c9cran toile de projection 90 pouces"},"content":{"rendered":"<p>Cet \u00e9cran tr\u00e9pied est ultral\u00e9ger, sp\u00e9cifiquement con\u00e7u pour ceux qui bougent. M\u00eame s&#8217;il se distingue par sa l\u00e9g\u00e8ret\u00e9 et sa petite taille d&#8217;emballage, sa construction robuste sur tr\u00e9pied et sa grande toile blanche garantissent une projection nette <strong>sans pli<\/strong>. Vous pouvez ajuster l&#8217;\u00e9cran en hauteur pour un alignement parfait de l&#8217;image, et lorsqu&#8217;il est temps de partir, il se replie facilement. Prot\u00e9g\u00e9 dans un tube solide pour le transport, il est accompagn\u00e9 d&#8217;un sac de transport pour faciliter les d\u00e9placements. Avec une<strong> largeur de projection de 200 cm et une hauteur de 112 cm<\/strong>, il est adapt\u00e9 \u00e0 la plupart des besoins.<\/p>\n","protected":false},"excerpt":{"rendered":"<p>L&#8217;\u00e9cran tr\u00e9pied est ultral\u00e9ger de <strong>2m30 de diagonale<\/strong> et offre une projection nette avec un gain de 1,2, con\u00e7u pour la mobilit\u00e9. P\u00e8se moins de 5 kg, facile \u00e0 assembler et ajustable en hauteur, il est le compagnon id\u00e9al pour vos pr\u00e9sentations nomades.<\/p>\n","protected":false},"featured_media":1808,"comment_status":"open","ping_status":"closed","template":"","meta":{"_acf_changed":false,"_et_pb_use_builder":"","_et_pb_old_content":"","_et_gb_content_width":"","_monsterinsights_skip_tracking":false,"_monsterinsights_sitenote_active":false,"_monsterinsights_sitenote_note":"","_monsterinsights_sitenote_category":0},"product_brand":[],"product_cat":[42,41],"product_tag":[],"class_list":{"0":"post-1388","1":"product","2":"type-product","3":"status-publish","4":"has-post-thumbnail","6":"product_cat-karaoke","7":"product_cat-projection","9":"first","10":"instock","11":"shipping-taxable","12":"purchasable","13":"product-type-simple"},"bundled_by":["1526","1961","1962","1963","2443","2444","2447"],"bundle_stock_status":"instock","bundle_stock_quantity":null,"bundle_virtual":false,"bundle_layout":"","bundle_add_to_cart_form_location":"","bundle_editable_in_cart":false,"bundle_sold_individually_context":"","bundle_item_grouping":"","bundle_min_size":"","bundle_max_size":"","bundle_price":[],"bundled_items":[],"bundle_sell_ids":[],"acf":[],"_links":{"self":[{"href":"https:\/\/airsoundlocation.ch\/en\/wp-json\/wp\/v2\/product\/1388","targetHints":{"allow":["GET"]}}],"collection":[{"href":"https:\/\/airsoundlocation.ch\/en\/wp-json\/wp\/v2\/product"}],"about":[{"href":"https:\/\/airsoundlocation.ch\/en\/wp-json\/wp\/v2\/types\/product"}],"replies":[{"embeddable":true,"href":"https:\/\/airsoundlocation.ch\/en\/wp-json\/wp\/v2\/comments?post=1388"}],"wp:featuredmedia":[{"embeddable":true,"href":"https:\/\/airsoundlocation.ch\/en\/wp-json\/wp\/v2\/media\/1808"}],"wp:attachment":[{"href":"https:\/\/airsoundlocation.ch\/en\/wp-json\/wp\/v2\/media?parent=1388"}],"wp:term":[{"taxonomy":"product_brand","embeddable":true,"href":"https:\/\/airsoundlocation.ch\/en\/wp-json\/wp\/v2\/product_brand?post=1388"},{"taxonomy":"product_cat","embeddable":true,"href":"https:\/\/airsoundlocation.ch\/en\/wp-json\/wp\/v2\/product_cat?post=1388"},{"taxonomy":"product_tag","embeddable":true,"href":"https:\/\/airsoundlocation.ch\/en\/wp-json\/wp\/v2\/product_tag?post=1388"}],"curies":[{"name":"wp","href":"https:\/\/api.w.org\/{rel}","templated":true}]}}