{"id":1394,"date":"2023-08-25T15:54:28","date_gmt":"2023-08-25T13:54:28","guid":{"rendered":"https:\/\/airsoundlocation.ch\/?post_type=product&#038;p=1394"},"modified":"2023-10-20T17:55:03","modified_gmt":"2023-10-20T15:55:03","slug":"yamaha-mg-10xuf","status":"publish","type":"product","link":"https:\/\/airsoundlocation.ch\/en\/produit\/yamaha-mg-10xuf\/","title":{"rendered":"Yamaha MG 10XUF"},"content":{"rendered":"<p>Le Yamaha 10-Input Mixer est l&#8217;outil parfait pour les professionnels et les amateurs, offrant une qualit\u00e9 de son exceptionnelle et une polyvalence in\u00e9gal\u00e9e.<strong><\/p>\n<p>Caract\u00e9ristiques principales :<\/strong><\/p>\n<ul>\n<li><strong>Interface USB :<\/strong> Compatible avec PC, Mac et iPad (2 ou ult\u00e9rieur) via le kit de connexion cam\u00e9ra Apple ou l&#8217;adaptateur Lightning vers USB.<\/li>\n<li><strong>Logiciel inclus :<\/strong> Cubase AI DAW (t\u00e9l\u00e9chargement).<\/li>\n<li><strong>Entr\u00e9es diversifi\u00e9es :<\/strong> Trois canaux st\u00e9r\u00e9o avec six entr\u00e9es 1\/4&#8243;, et deux canaux st\u00e9r\u00e9o suppl\u00e9mentaires avec entr\u00e9es RCA.<\/li>\n<li><strong>\u00c9galisation :<\/strong> EQ 3-bandes sur les canaux 1-4 et EQ 2-bandes sur les canaux 5-10.<\/li>\n<li><strong>Commandes par canal :<\/strong> Pan, niveau FX, possibilit\u00e9 d&#8217;envoyer le signal FX vers des dispositifs externes ou des mixeurs de monitor.<\/li>\n<li><strong>Compresseur :<\/strong> Sur les canaux 1 &amp; 2 pour harmoniser la dynamique des voix et instruments.<\/li>\n<li><strong>Montage optionnel :<\/strong> Adaptateur de support de microphone BMS10A.<\/li>\n<\/ul>\n<p><strong>Sp\u00e9cifications d\u00e9taill\u00e9es :<\/strong><\/p>\n<ul>\n<li><strong>Effets int\u00e9gr\u00e9s :<\/strong> Algorithme SPX avec 24 programmes.<\/li>\n<li><strong>Alimentation fant\u00f4me :<\/strong> +48 V, canaux 1 &#8211; 4.<\/li>\n<li><strong>Interface num\u00e9rique :<\/strong> USB Audio Class 2.0, fr\u00e9quence d&#8217;\u00e9chantillonnage jusqu&#8217;\u00e0 192 kHz, profondeur de 24 bits.<\/li>\n<li><strong>Canaux d&#8217;entr\u00e9e :<\/strong> 4 mono [micro\/ligne], 3 st\u00e9r\u00e9o [ligne].<\/li>\n<li><strong>Canaux de sortie :<\/strong> 2 st\u00e9r\u00e9o, 1 sortie moniteur, 1 sortie casque, 1 sortie FX.<\/li>\n<li><strong>Bus :<\/strong> 1 st\u00e9r\u00e9o, 1 AUX[FX].<\/li>\n<li><strong>Att\u00e9nuateur :<\/strong> 26 dB (canaux mono).<\/li>\n<li><strong>Filtre passe-haut :<\/strong> 80 Hz, 12 dB\/oct (canaux mono).<\/li>\n<li><strong>Compresseur :<\/strong> R\u00e9glages de seuil, ratio, niveau de sortie, temps d&#8217;attaque et de rel\u00e2chement.<\/li>\n<li><strong>\u00c9galiseur :<\/strong> R\u00e9glages de gain pour les hautes, moyennes et basses fr\u00e9quences.<\/li>\n<li><strong>Indicateurs :<\/strong> LED de cr\u00eate et affichage LED 2 x 7 segments.<\/li>\n<li><strong>Distorsion harmonique totale :<\/strong> 0.02% @ +14 dBu (20 Hz &#8211; 20 kHz).<\/li>\n<li><strong>R\u00e9ponse en fr\u00e9quence :<\/strong> +0.5 dB\/-1.0 dB (20 Hz &#8211; 48 kHz).<\/li>\n<li><strong>Bruit d&#8217;entr\u00e9e \u00e9quivalent :<\/strong> -128 dBu.<\/li>\n<li><strong>Bruit de sortie r\u00e9siduel :<\/strong> -102 dBu.<\/li>\n<li><strong>Diaphonie :<\/strong> -83 dB.<\/li>\n<li><strong>Alimentation :<\/strong> PA-10 recommand\u00e9e par Yamaha.<\/li>\n<li><strong>Consommation \u00e9lectrique :<\/strong> 22.9 W.<\/li>\n<li><strong>Dimensions :<\/strong> 244 x 71 x 294 mm.<\/li>\n<li><strong>Poids :<\/strong> 2.1 kg.<\/li>\n<\/ul>\n","protected":false},"excerpt":{"rendered":"<p>Le mod\u00e8le XUF de Yamaha offre 10 canaux avec des faders au lieu de boutons. Profitez des pr\u00e9amplificateurs D-PRE de classe A, du compresseur 1-bouton et d&#8217;un processeur FX num\u00e9rique, le tout avec une interface audio USB de haute qualit\u00e9.<\/p>\n","protected":false},"featured_media":1805,"comment_status":"open","ping_status":"closed","template":"","meta":{"_acf_changed":false,"_et_pb_use_builder":"","_et_pb_old_content":"","_et_gb_content_width":"","_monsterinsights_skip_tracking":false,"_monsterinsights_sitenote_active":false,"_monsterinsights_sitenote_note":"","_monsterinsights_sitenote_category":0},"product_brand":[],"product_cat":[34,47,52],"product_tag":[],"class_list":{"0":"post-1394","1":"product","2":"type-product","3":"status-publish","4":"has-post-thumbnail","6":"product_cat-accessoires","7":"product_cat-dj-live","8":"product_cat-tables-de-mixage","10":"first","11":"instock","12":"shipping-taxable","13":"purchasable","14":"product-type-simple"},"bundled_by":[],"bundle_stock_status":"instock","bundle_stock_quantity":null,"bundle_virtual":false,"bundle_layout":"","bundle_add_to_cart_form_location":"","bundle_editable_in_cart":false,"bundle_sold_individually_context":"","bundle_item_grouping":"","bundle_min_size":"","bundle_max_size":"","bundle_price":[],"bundled_items":[],"bundle_sell_ids":[],"acf":[],"_links":{"self":[{"href":"https:\/\/airsoundlocation.ch\/en\/wp-json\/wp\/v2\/product\/1394","targetHints":{"allow":["GET"]}}],"collection":[{"href":"https:\/\/airsoundlocation.ch\/en\/wp-json\/wp\/v2\/product"}],"about":[{"href":"https:\/\/airsoundlocation.ch\/en\/wp-json\/wp\/v2\/types\/product"}],"replies":[{"embeddable":true,"href":"https:\/\/airsoundlocation.ch\/en\/wp-json\/wp\/v2\/comments?post=1394"}],"wp:featuredmedia":[{"embeddable":true,"href":"https:\/\/airsoundlocation.ch\/en\/wp-json\/wp\/v2\/media\/1805"}],"wp:attachment":[{"href":"https:\/\/airsoundlocation.ch\/en\/wp-json\/wp\/v2\/media?parent=1394"}],"wp:term":[{"taxonomy":"product_brand","embeddable":true,"href":"https:\/\/airsoundlocation.ch\/en\/wp-json\/wp\/v2\/product_brand?post=1394"},{"taxonomy":"product_cat","embeddable":true,"href":"https:\/\/airsoundlocation.ch\/en\/wp-json\/wp\/v2\/product_cat?post=1394"},{"taxonomy":"product_tag","embeddable":true,"href":"https:\/\/airsoundlocation.ch\/en\/wp-json\/wp\/v2\/product_tag?post=1394"}],"curies":[{"name":"wp","href":"https:\/\/api.w.org\/{rel}","templated":true}]}}