{"id":1401,"date":"2023-08-25T16:19:38","date_gmt":"2023-08-25T14:19:38","guid":{"rendered":"https:\/\/airsoundlocation.ch\/?post_type=product&#038;p=1401"},"modified":"2023-10-20T17:53:55","modified_gmt":"2023-10-20T15:53:55","slug":"shure-sm58","status":"publish","type":"product","link":"https:\/\/airsoundlocation.ch\/en\/produit\/shure-sm58\/","title":{"rendered":"Shure SM58"},"content":{"rendered":"<p><strong>Caract\u00e9ristiques principales :<\/strong><\/p>\n<ul>\n<li><strong>Qualit\u00e9 sonore :<\/strong> R\u00e9ponse en fr\u00e9quence optimis\u00e9e pour la voix, mettant en avant des mediums clairs avec un coupe bas.<\/li>\n<li><strong>Isolation :<\/strong> Directivit\u00e9 cardio\u00efde qui se concentre sur la source principale tout en minimisant les bruits environnants.<\/li>\n<li><strong>Protection :<\/strong> Suspension anti-chocs int\u00e9gr\u00e9e pour minimiser les bruits de manipulation, et filtre anti-pop pour contrer les bruits de respiration et le vent.<\/li>\n<li><strong>Accessoires :<\/strong> Livr\u00e9 avec un adaptateur giratoire robuste \u00e0 180\u00b0, un raccord multipas et une housse de transport pour la mobilit\u00e9.<\/li>\n<li><strong>Type &amp; R\u00e9ponse :<\/strong> Micro dynamique avec une directivit\u00e9 cardio\u00efde. Sa r\u00e9ponse en fr\u00e9quence s&#8217;\u00e9tend de 50 \u00e0 15.000 Hz.<\/li>\n<li><strong>Durabilit\u00e9 :<\/strong> Repr\u00e9sentant la qualit\u00e9 l\u00e9gendaire de Shure, le SM58\u00ae est construit pour durer, r\u00e9sistant m\u00eame aux conditions de tourn\u00e9e les plus rigoureuses.<\/li>\n<\/ul>\n<p><strong>Pourquoi choisir le SM58\u00ae ?<\/strong><br \/>\nId\u00e9al pour les performances en direct, le SM58\u00ae est le compagnon de confiance des artistes professionnels, offrant la chaleur et la clart\u00e9 n\u00e9cessaires pour chaque chant, que ce soit en lead ou en ch\u0153ur. Sa capacit\u00e9 \u00e0 isoler la source sonore principale de son environnement fait de lui un favori parmi les DJs, pr\u00e9sentateurs et artistes de toutes les sc\u00e8nes.<\/p>\n<p><strong>Test\u00e9 sur la route :<\/strong><br \/>\nConstruit pour r\u00e9sister \u00e0 l&#8217;\u00e9preuve du temps, le SM58\u00ae est renforc\u00e9 par une grille en acier et un syst\u00e8me anti-vibrations, garantissant une performance fiable m\u00eame entre des mains inexp\u00e9riment\u00e9es.<\/p>\n<p><strong>H\u00e9ritage du SM58\u00ae :<\/strong><br \/>\nQue ce soit pour des rock stars, des com\u00e9diens, des pr\u00e9sidents ou des figures religieuses, le SM58\u00ae a \u00e9t\u00e9 le canal de transmission de paroles m\u00e9morables depuis des d\u00e9cennies. Avec sa robustesse et sa technologie in\u00e9gal\u00e9es, il continue d&#8217;\u00eatre la r\u00e9f\u00e9rence mondiale pour tous ceux qui cherchent \u00e0 partager leur voix avec le monde.<\/p>\n","protected":false},"excerpt":{"rendered":"<p>Le SM58 de Shure est le micro de choix pour les professionnels, offrant une clart\u00e9 incomparable, une isolation acoustique optimale et une robustesse l\u00e9gendaire. Avec sa r\u00e9ponse en fr\u00e9quence optimis\u00e9e, sa directivit\u00e9 cardio\u00efde et sa qualit\u00e9 in\u00e9gal\u00e9e, c&#8217;est le micro embl\u00e9matique qui a port\u00e9 la voix des plus grands.<\/p>\n","protected":false},"featured_media":1803,"comment_status":"open","ping_status":"closed","template":"","meta":{"_acf_changed":false,"_et_pb_use_builder":"","_et_pb_old_content":"","_et_gb_content_width":"","_monsterinsights_skip_tracking":false,"_monsterinsights_sitenote_active":false,"_monsterinsights_sitenote_note":"","_monsterinsights_sitenote_category":0},"product_brand":[],"product_cat":[34,47,42,53],"product_tag":[],"class_list":{"0":"post-1401","1":"product","2":"type-product","3":"status-publish","4":"has-post-thumbnail","6":"product_cat-accessoires","7":"product_cat-dj-live","8":"product_cat-karaoke","9":"product_cat-microphones","11":"first","12":"instock","13":"shipping-taxable","14":"purchasable","15":"product-type-simple"},"bundled_by":[],"bundle_stock_status":"instock","bundle_stock_quantity":null,"bundle_virtual":false,"bundle_layout":"","bundle_add_to_cart_form_location":"","bundle_editable_in_cart":false,"bundle_sold_individually_context":"","bundle_item_grouping":"","bundle_min_size":"","bundle_max_size":"","bundle_price":[],"bundled_items":[],"bundle_sell_ids":[],"acf":[],"_links":{"self":[{"href":"https:\/\/airsoundlocation.ch\/en\/wp-json\/wp\/v2\/product\/1401","targetHints":{"allow":["GET"]}}],"collection":[{"href":"https:\/\/airsoundlocation.ch\/en\/wp-json\/wp\/v2\/product"}],"about":[{"href":"https:\/\/airsoundlocation.ch\/en\/wp-json\/wp\/v2\/types\/product"}],"replies":[{"embeddable":true,"href":"https:\/\/airsoundlocation.ch\/en\/wp-json\/wp\/v2\/comments?post=1401"}],"wp:featuredmedia":[{"embeddable":true,"href":"https:\/\/airsoundlocation.ch\/en\/wp-json\/wp\/v2\/media\/1803"}],"wp:attachment":[{"href":"https:\/\/airsoundlocation.ch\/en\/wp-json\/wp\/v2\/media?parent=1401"}],"wp:term":[{"taxonomy":"product_brand","embeddable":true,"href":"https:\/\/airsoundlocation.ch\/en\/wp-json\/wp\/v2\/product_brand?post=1401"},{"taxonomy":"product_cat","embeddable":true,"href":"https:\/\/airsoundlocation.ch\/en\/wp-json\/wp\/v2\/product_cat?post=1401"},{"taxonomy":"product_tag","embeddable":true,"href":"https:\/\/airsoundlocation.ch\/en\/wp-json\/wp\/v2\/product_tag?post=1401"}],"curies":[{"name":"wp","href":"https:\/\/api.w.org\/{rel}","templated":true}]}}