{"id":1521,"date":"2023-08-27T17:44:58","date_gmt":"2023-08-27T15:44:58","guid":{"rendered":"https:\/\/airsoundlocation.ch\/?post_type=product&#038;p=1521"},"modified":"2024-02-03T18:17:04","modified_gmt":"2024-02-03T17:17:04","slug":"sound-system","status":"publish","type":"product","link":"https:\/\/airsoundlocation.ch\/en\/produit\/sound-system\/","title":{"rendered":"Sound System Soundboks"},"content":{"rendered":"<p>Ce pack inclut :<\/p>\n<p>&nbsp;<\/p>\n<p><strong>4 Haut parleurs Soundboks 3<\/strong><\/p>\n<ul>\n<li>R\u00e9ponse en fr\u00e9quence : 40Hz &#8211; 20kHz<\/li>\n<li>Entr\u00e9e Bluetooth 5.0<\/li>\n<li>Jusqu&#8217;\u00e0 126 dB<\/li>\n<li>2 entr\u00e9e XLR\/JACK pour micro, guitare, DJ mixer, ou autres instruments<\/li>\n<li>1 AUX (In &amp; Out)<\/li>\n<li>Connectivit\u00e9 sans fil entre les 4 Soundboks (SKAA sans latence)<\/li>\n<li>Batteries interchangeables (n&#8217;est pas utilisable sur secteur)<\/li>\n<li>Autonomie de 4h (Volume \u00e0 fond en mode Bass+) \u00e0 40h (Mi volume en mode Power)<\/li>\n<li>IP65: R\u00e9sistant \u00e0 l&#8217;eau et \u00e0 la poussi\u00e8re<\/li>\n<li>15,4 Kg<\/li>\n<\/ul>\n<p><strong>2 Micros sans fil JBL<\/strong><\/p>\n<ul>\n<li>Jusqu&#8217;\u00e0 6h d&#8217;autonomie<\/li>\n<\/ul>\n<p><strong>4 Tr\u00e9pieds<\/strong><\/p>\n","protected":false},"excerpt":{"rendered":"<p>4 Soundboks, un maximum de portabilit\u00e9, de puissance. Couvrir un espace plus grand encore. Id\u00e9al jusqu&#8217;\u00e0 <strong>100 personnes<\/strong>. Ce pack est compl\u00e8tement autonome, r\u00e9sistant \u00e0 l&#8217;eau, et compl\u00e8tement sans fil. Il convient donc \u00e9galement aux installations ext\u00e9rieures et offre une modularit\u00e9 maximale !<\/p>\n","protected":false},"featured_media":2007,"comment_status":"open","ping_status":"closed","template":"","meta":{"_acf_changed":false,"_et_pb_use_builder":"","_et_pb_old_content":"","_et_gb_content_width":"","_monsterinsights_skip_tracking":false,"_monsterinsights_sitenote_active":false,"_monsterinsights_sitenote_note":"","_monsterinsights_sitenote_category":0},"product_brand":[],"product_cat":[38],"product_tag":[],"class_list":{"0":"post-1521","1":"product","2":"type-product","3":"status-publish","4":"has-post-thumbnail","6":"product_cat-pack-sb","8":"first","9":"instock","10":"shipping-taxable","11":"purchasable","12":"product-type-bundle"},"bundled_by":[],"bundle_stock_status":"instock","bundle_stock_quantity":"","bundle_virtual":false,"bundle_layout":"grid","bundle_add_to_cart_form_location":"default","bundle_editable_in_cart":false,"bundle_sold_individually_context":"product","bundle_item_grouping":"parent","bundle_min_size":"","bundle_max_size":"","bundle_price":{"price":{"min":{"incl_tax":"240","excl_tax":"240"},"max":{"incl_tax":"240","excl_tax":"240"}},"regular_price":{"min":{"incl_tax":"240","excl_tax":"240"},"max":{"incl_tax":"240","excl_tax":"240"}}},"bundled_items":[{"bundled_item_id":55,"product_id":1119,"menu_order":0,"quantity_min":4,"quantity_max":4,"quantity_default":4,"priced_individually":false,"shipped_individually":true,"override_title":false,"title":"Soundboks 3","override_description":true,"description":"","optional":false,"hide_thumbnail":false,"discount":"","override_variations":false,"allowed_variations":[],"override_default_variation_attributes":false,"default_variation_attributes":[],"single_product_visibility":"visible","cart_visibility":"visible","order_visibility":"visible","single_product_price_visibility":"visible","cart_price_visibility":"visible","order_price_visibility":"visible","stock_status":"in_stock"},{"bundled_item_id":56,"product_id":1259,"menu_order":1,"quantity_min":2,"quantity_max":2,"quantity_default":2,"priced_individually":false,"shipped_individually":false,"override_title":false,"title":"Micros Sans Fil JBL","override_description":true,"description":"","optional":false,"hide_thumbnail":false,"discount":"","override_variations":false,"allowed_variations":[],"override_default_variation_attributes":false,"default_variation_attributes":[],"single_product_visibility":"visible","cart_visibility":"visible","order_visibility":"visible","single_product_price_visibility":"visible","cart_price_visibility":"visible","order_price_visibility":"visible","stock_status":"in_stock"},{"bundled_item_id":57,"product_id":1386,"menu_order":2,"quantity_min":4,"quantity_max":4,"quantity_default":4,"priced_individually":false,"shipped_individually":false,"override_title":false,"title":"Tr\u00e9pied","override_description":true,"description":"","optional":false,"hide_thumbnail":false,"discount":"","override_variations":false,"allowed_variations":[],"override_default_variation_attributes":false,"default_variation_attributes":[],"single_product_visibility":"visible","cart_visibility":"visible","order_visibility":"visible","single_product_price_visibility":"visible","cart_price_visibility":"visible","order_price_visibility":"visible","stock_status":"in_stock"}],"bundle_sell_ids":[],"acf":[],"_links":{"self":[{"href":"https:\/\/airsoundlocation.ch\/en\/wp-json\/wp\/v2\/product\/1521","targetHints":{"allow":["GET"]}}],"collection":[{"href":"https:\/\/airsoundlocation.ch\/en\/wp-json\/wp\/v2\/product"}],"about":[{"href":"https:\/\/airsoundlocation.ch\/en\/wp-json\/wp\/v2\/types\/product"}],"replies":[{"embeddable":true,"href":"https:\/\/airsoundlocation.ch\/en\/wp-json\/wp\/v2\/comments?post=1521"}],"wp:featuredmedia":[{"embeddable":true,"href":"https:\/\/airsoundlocation.ch\/en\/wp-json\/wp\/v2\/media\/2007"}],"wp:attachment":[{"href":"https:\/\/airsoundlocation.ch\/en\/wp-json\/wp\/v2\/media?parent=1521"}],"wp:term":[{"taxonomy":"product_brand","embeddable":true,"href":"https:\/\/airsoundlocation.ch\/en\/wp-json\/wp\/v2\/product_brand?post=1521"},{"taxonomy":"product_cat","embeddable":true,"href":"https:\/\/airsoundlocation.ch\/en\/wp-json\/wp\/v2\/product_cat?post=1521"},{"taxonomy":"product_tag","embeddable":true,"href":"https:\/\/airsoundlocation.ch\/en\/wp-json\/wp\/v2\/product_tag?post=1521"}],"curies":[{"name":"wp","href":"https:\/\/api.w.org\/{rel}","templated":true}]}}