{"id":1855,"date":"2023-10-13T14:15:31","date_gmt":"2023-10-13T12:15:31","guid":{"rendered":"https:\/\/airsoundlocation.ch\/?post_type=product&#038;p=1855"},"modified":"2023-10-19T12:37:28","modified_gmt":"2023-10-19T10:37:28","slug":"behringer-f1320d-eurolive-retour-de-scene-actif-location","status":"publish","type":"product","link":"https:\/\/airsoundlocation.ch\/en\/produit\/behringer-f1320d-eurolive-retour-de-scene-actif-location\/","title":{"rendered":"Behringer F1320D Eurolive"},"content":{"rendered":"<div class=\"group final-completion w-full text-token-text-primary border-b border-black\/10 gizmo:border-0 dark:border-gray-900\/50 gizmo:dark:border-0 bg-gray-50 gizmo:bg-transparent dark:bg-[#444654] gizmo:dark:bg-transparent\" data-testid=\"conversation-turn-31\">\n<div class=\"p-4 justify-center text-base md:gap-6 md:py-6 m-auto\">\n<div class=\"flex flex-1 gap-4 text-base mx-auto md:gap-6 gizmo:gap-3 gizmo:md:px-5 gizmo:lg:px-1 gizmo:xl:px-5 md:max-w-2xl lg:max-w-[38rem] gizmo:md:max-w-3xl gizmo:lg:max-w-[40rem] gizmo:xl:max-w-[48rem] xl:max-w-3xl }\">\n<div class=\"relative flex w-[calc(100%-50px)] flex-col gizmo:w-full lg:w-[calc(100%-115px)] agent-turn\">\n<div class=\"flex-col gap-1 md:gap-3\">\n<div class=\"flex flex-grow flex-col gap-3 max-w-full\">\n<div class=\"min-h-[20px] flex flex-col items-start gap-3 whitespace-pre-wrap break-words overflow-x-auto\">\n<div class=\"markdown prose w-full break-words dark:prose-invert dark\">\n<p>D\u00e9couvrez l&#8217;excellence du monitoring avec le retour de sc\u00e8ne actif EUROLIVE F1320D, con\u00e7u par les experts de BEHRINGER en Allemagne. Voici ce qui le rend incontournable :<\/p>\n<ul>\n<li><strong>Puissance:<\/strong> 300 watts.<\/li>\n<li><strong>Qualit\u00e9 sonore:<\/strong> Exceptionnelle avec une bande passante et une dynamique \u00e9lev\u00e9es.<\/li>\n<li><strong>Contr\u00f4le du feedback:<\/strong> Filtre anti-larsen r\u00e9glable.<\/li>\n<li><strong>Protection:<\/strong> Limiteur int\u00e9gr\u00e9.<\/li>\n<li><strong>Entr\u00e9e:<\/strong> Micro\/ligne \u00e0 faible bruit avec volume r\u00e9glable et LED de cr\u00eates.<\/li>\n<li><strong>Egalisation:<\/strong> Egaliseur 3 bandes.<\/li>\n<li><strong>Woofer:<\/strong> Puissant 12&#8242; pour une profondeur sonore incomparable.<\/li>\n<li><strong>Moteur HF:<\/strong> 1&#8242; \u00e0 haute r\u00e9solution pour des aigus clairs.<\/li>\n<li><strong>Dispersion sonore:<\/strong> Trompe \u00e0 conception exclusive pour une port\u00e9e optimale.<\/li>\n<li><strong>Montage:<\/strong> Embase de 35 mm pour le montage sur pied.<\/li>\n<li><strong>Dimensions:<\/strong> 360 x 580 x 406 mm.<\/li>\n<li><strong>Poids:<\/strong> 15,7 kg.<\/li>\n<li><strong>Durabilit\u00e9:<\/strong> Composants de haute qualit\u00e9 pour des ann\u00e9es de fiabilit\u00e9.&#8221;<\/li>\n<\/ul>\n<p>Chaque \u00e9l\u00e9ment est con\u00e7u pour vous offrir une exp\u00e9rience sonore impeccable, \u00e0 la hauteur de votre talent.<\/p>\n<\/div>\n<\/div>\n<\/div>\n<\/div>\n<\/div>\n<\/div>\n<\/div>\n<\/div>\n","protected":false},"excerpt":{"rendered":"<p>Le retour de sc\u00e8ne EUROLIVE F1320D de BEHRINGER combine haute performance et fid\u00e9lit\u00e9 sonore. Con\u00e7u pour offrir une exp\u00e9rience de monitoring optimale sur les sc\u00e8nes de tailles r\u00e9duite et moyenne.<\/p>\n","protected":false},"featured_media":1856,"comment_status":"open","ping_status":"closed","template":"","meta":{"_acf_changed":false,"_et_pb_use_builder":"","_et_pb_old_content":"","_et_gb_content_width":"","_monsterinsights_skip_tracking":false,"_monsterinsights_sitenote_active":false,"_monsterinsights_sitenote_note":"","_monsterinsights_sitenote_category":0},"product_brand":[],"product_cat":[35,47],"product_tag":[],"class_list":{"0":"post-1855","1":"product","2":"type-product","3":"status-publish","4":"has-post-thumbnail","6":"product_cat-actifs","7":"product_cat-dj-live","9":"first","10":"instock","11":"shipping-taxable","12":"purchasable","13":"product-type-simple"},"bundled_by":[],"bundle_stock_status":"instock","bundle_stock_quantity":null,"bundle_virtual":false,"bundle_layout":"","bundle_add_to_cart_form_location":"","bundle_editable_in_cart":false,"bundle_sold_individually_context":"","bundle_item_grouping":"","bundle_min_size":"","bundle_max_size":"","bundle_price":[],"bundled_items":[],"bundle_sell_ids":[],"acf":[],"_links":{"self":[{"href":"https:\/\/airsoundlocation.ch\/en\/wp-json\/wp\/v2\/product\/1855","targetHints":{"allow":["GET"]}}],"collection":[{"href":"https:\/\/airsoundlocation.ch\/en\/wp-json\/wp\/v2\/product"}],"about":[{"href":"https:\/\/airsoundlocation.ch\/en\/wp-json\/wp\/v2\/types\/product"}],"replies":[{"embeddable":true,"href":"https:\/\/airsoundlocation.ch\/en\/wp-json\/wp\/v2\/comments?post=1855"}],"wp:featuredmedia":[{"embeddable":true,"href":"https:\/\/airsoundlocation.ch\/en\/wp-json\/wp\/v2\/media\/1856"}],"wp:attachment":[{"href":"https:\/\/airsoundlocation.ch\/en\/wp-json\/wp\/v2\/media?parent=1855"}],"wp:term":[{"taxonomy":"product_brand","embeddable":true,"href":"https:\/\/airsoundlocation.ch\/en\/wp-json\/wp\/v2\/product_brand?post=1855"},{"taxonomy":"product_cat","embeddable":true,"href":"https:\/\/airsoundlocation.ch\/en\/wp-json\/wp\/v2\/product_cat?post=1855"},{"taxonomy":"product_tag","embeddable":true,"href":"https:\/\/airsoundlocation.ch\/en\/wp-json\/wp\/v2\/product_tag?post=1855"}],"curies":[{"name":"wp","href":"https:\/\/api.w.org\/{rel}","templated":true}]}}