{"id":1956,"date":"2023-10-20T11:20:49","date_gmt":"2023-10-20T09:20:49","guid":{"rendered":"https:\/\/airsoundlocation.ch\/?post_type=product&#038;p=1956"},"modified":"2023-10-20T14:41:40","modified_gmt":"2023-10-20T12:41:40","slug":"chariot-de-transport","status":"publish","type":"product","link":"https:\/\/airsoundlocation.ch\/en\/produit\/chariot-de-transport\/","title":{"rendered":"Chariot de transport"},"content":{"rendered":"<p>Le chariot de manutention pratique convainc par sa solide qualit\u00e9 et son design intelligent. Compos\u00e9 de fer et d\u2019acier, il r\u00e9siste sans probl\u00e8me \u00e0 de fortes charges. Il vous permet de transporter des marchandises lourdes absolument sans effort et il m\u00e9nage en m\u00eame temps les sols sensibles, comme les carrelages, stratifi\u00e9s et parquets, gr\u00e2ce \u00e0 ses roues en caoutchouc gonflables. Une fois le travail r\u00e9alis\u00e9, ce chariot peut \u00eatre pli\u00e9 pour occuper peu de place !<\/p>\n","protected":false},"excerpt":{"rendered":"<p>Ce chariot solide et bien con\u00e7u transporte ais\u00e9ment des charges lourdes, prot\u00e8ge les sols gr\u00e2ce \u00e0 ses roues en caoutchouc et se plie pour \u00e9conomiser de l&#8217;espace.<\/p>\n","protected":false},"featured_media":1957,"comment_status":"open","ping_status":"closed","template":"","meta":{"_acf_changed":false,"_et_pb_use_builder":"","_et_pb_old_content":"","_et_gb_content_width":"","_monsterinsights_skip_tracking":false,"_monsterinsights_sitenote_active":false,"_monsterinsights_sitenote_note":"","_monsterinsights_sitenote_category":0},"product_brand":[],"product_cat":[34],"product_tag":[],"class_list":{"0":"post-1956","1":"product","2":"type-product","3":"status-publish","4":"has-post-thumbnail","6":"product_cat-accessoires","8":"first","9":"instock","10":"shipping-taxable","11":"purchasable","12":"product-type-simple"},"bundled_by":[],"bundle_stock_status":"instock","bundle_stock_quantity":null,"bundle_virtual":false,"bundle_layout":"","bundle_add_to_cart_form_location":"","bundle_editable_in_cart":false,"bundle_sold_individually_context":"","bundle_item_grouping":"","bundle_min_size":"","bundle_max_size":"","bundle_price":[],"bundled_items":[],"bundle_sell_ids":[],"acf":[],"_links":{"self":[{"href":"https:\/\/airsoundlocation.ch\/en\/wp-json\/wp\/v2\/product\/1956","targetHints":{"allow":["GET"]}}],"collection":[{"href":"https:\/\/airsoundlocation.ch\/en\/wp-json\/wp\/v2\/product"}],"about":[{"href":"https:\/\/airsoundlocation.ch\/en\/wp-json\/wp\/v2\/types\/product"}],"replies":[{"embeddable":true,"href":"https:\/\/airsoundlocation.ch\/en\/wp-json\/wp\/v2\/comments?post=1956"}],"wp:featuredmedia":[{"embeddable":true,"href":"https:\/\/airsoundlocation.ch\/en\/wp-json\/wp\/v2\/media\/1957"}],"wp:attachment":[{"href":"https:\/\/airsoundlocation.ch\/en\/wp-json\/wp\/v2\/media?parent=1956"}],"wp:term":[{"taxonomy":"product_brand","embeddable":true,"href":"https:\/\/airsoundlocation.ch\/en\/wp-json\/wp\/v2\/product_brand?post=1956"},{"taxonomy":"product_cat","embeddable":true,"href":"https:\/\/airsoundlocation.ch\/en\/wp-json\/wp\/v2\/product_cat?post=1956"},{"taxonomy":"product_tag","embeddable":true,"href":"https:\/\/airsoundlocation.ch\/en\/wp-json\/wp\/v2\/product_tag?post=1956"}],"curies":[{"name":"wp","href":"https:\/\/api.w.org\/{rel}","templated":true}]}}