{"id":1961,"date":"2023-10-20T15:01:57","date_gmt":"2023-10-20T13:01:57","guid":{"rendered":"https:\/\/airsoundlocation.ch\/?post_type=product&#038;p=1961"},"modified":"2024-02-02T13:10:00","modified_gmt":"2024-02-02T12:10:00","slug":"karaokair-pro","status":"publish","type":"product","link":"https:\/\/airsoundlocation.ch\/en\/produit\/karaokair-pro\/","title":{"rendered":"Karaok&#8217;Air Pro"},"content":{"rendered":"<p>Ce pack inclut :<\/p>\n<p>&nbsp;<\/p>\n<p><strong>1 Projecteur sans fil Xgimi Halo+<\/strong><\/p>\n<ul>\n<li>Android TV<\/li>\n<li>YouTube Premium inclus (sans publicit\u00e9)<\/li>\n<li>Autonomie : 3,5 heures de visionnage vid\u00e9o ou 5 heures d&#8217;\u00e9coute musicale (Utilisable sur secteur)<\/li>\n<li>Luminosit\u00e9 de 900 Lumens ANSI<\/li>\n<li>Commande vocale et t\u00e9l\u00e9commande<\/li>\n<li>1 entr\u00e9e HDMI<\/li>\n<li>Correction trap\u00e9zo\u00efdale automatique (r\u00e9glage de la distorsion)<\/li>\n<li>Projection jusqu&#8217;\u00e0 200 pouces de diagonale<\/li>\n<li>1,6 Kg<\/li>\n<\/ul>\n<p><strong>2 Haut parleurs actif Alto TS 415<\/strong><\/p>\n<ul>\n<li>Amplificateur int\u00e9gr\u00e9 2500W (1250W RMS)<\/li>\n<li>SPL Max : 135 dB<\/li>\n<li>2 entr\u00e9es XLR\/JACK<\/li>\n<li>1 sortie MIX<\/li>\n<li>Entr\u00e9e Bluetooth<\/li>\n<li>Connectivit\u00e9 sans fil entre les haut parleurs (St\u00e9r\u00e9o Link)<\/li>\n<li>Egaliseur int\u00e9gr\u00e9 (Back Panel ou via application mobile)<\/li>\n<\/ul>\n<p><strong>1 Toile de projection<\/strong><\/p>\n<ul>\n<li>2m30 de diagonale<\/li>\n<li>Ultra l\u00e9ger<\/li>\n<li>Pas de pli<\/li>\n<li>Moins de 5 Kg<\/li>\n<\/ul>\n<p><strong>2 Micros sans fil Sennheiser EW D1-835S<\/strong><\/p>\n<ul>\n<li>Jusqu&#8217;\u00e0 6h d&#8217;autonomie<\/li>\n<li>Reproduction vocale d&#8217;une excellente qualit\u00e9<\/li>\n<\/ul>\n<p><strong>1 Table de mixage JB Systems LIVE-6<\/strong><\/p>\n<ul>\n<li>6 entr\u00e9es (4 canaux)<\/li>\n<li>Alimentation 5V<\/li>\n<li>Entr\u00e9e Bluetooth int\u00e9gr\u00e9e<\/li>\n<\/ul>\n<p><strong>3 Tr\u00e9pieds<\/strong><\/p>\n<ul>\n<li>1 pour le projecteur<\/li>\n<li>2 pour les haut parleurs Alto TS415<\/li>\n<\/ul>\n","protected":false},"excerpt":{"rendered":"<p>Profitez d&#8217;une exp\u00e9rience Karaok\u00e9 top niveau avec ce kit professionnel de Karaok\u00e9. Un son sup\u00e9rieur et des micros haute qualit\u00e9 pour vous assurer un moment de libert\u00e9 total.<\/p>\n","protected":false},"featured_media":2027,"comment_status":"open","ping_status":"closed","template":"","meta":{"_acf_changed":false,"_et_pb_use_builder":"","_et_pb_old_content":"","_et_gb_content_width":"","_monsterinsights_skip_tracking":false,"_monsterinsights_sitenote_active":false,"_monsterinsights_sitenote_note":"","_monsterinsights_sitenote_category":0},"product_brand":[],"product_cat":[42,36],"product_tag":[],"class_list":{"0":"post-1961","1":"product","2":"type-product","3":"status-publish","4":"has-post-thumbnail","6":"product_cat-karaoke","7":"product_cat-karaokair","9":"first","10":"instock","11":"virtual","12":"purchasable","13":"product-type-bundle"},"bundled_by":[],"bundle_stock_status":"instock","bundle_stock_quantity":"","bundle_virtual":false,"bundle_layout":"grid","bundle_add_to_cart_form_location":"default","bundle_editable_in_cart":false,"bundle_sold_individually_context":"product","bundle_item_grouping":"parent","bundle_min_size":"","bundle_max_size":"","bundle_price":{"price":{"min":{"incl_tax":"330","excl_tax":"330"},"max":{"incl_tax":"330","excl_tax":"330"}},"regular_price":{"min":{"incl_tax":"330","excl_tax":"330"},"max":{"incl_tax":"330","excl_tax":"330"}}},"bundled_items":[{"bundled_item_id":13,"product_id":1389,"menu_order":0,"quantity_min":2,"quantity_max":2,"quantity_default":2,"priced_individually":false,"shipped_individually":false,"override_title":false,"title":"Alto TS415","override_description":true,"description":"","optional":false,"hide_thumbnail":false,"discount":"","override_variations":false,"allowed_variations":[],"override_default_variation_attributes":false,"default_variation_attributes":[],"single_product_visibility":"visible","cart_visibility":"visible","order_visibility":"visible","single_product_price_visibility":"visible","cart_price_visibility":"visible","order_price_visibility":"visible","stock_status":"in_stock"},{"bundled_item_id":14,"product_id":1387,"menu_order":1,"quantity_min":1,"quantity_max":1,"quantity_default":1,"priced_individually":false,"shipped_individually":false,"override_title":false,"title":"Projecteur Portable Xgimi Halo+","override_description":true,"description":"","optional":false,"hide_thumbnail":false,"discount":"","override_variations":false,"allowed_variations":[],"override_default_variation_attributes":false,"default_variation_attributes":[],"single_product_visibility":"visible","cart_visibility":"visible","order_visibility":"visible","single_product_price_visibility":"visible","cart_price_visibility":"visible","order_price_visibility":"visible","stock_status":"in_stock"},{"bundled_item_id":15,"product_id":1388,"menu_order":2,"quantity_min":1,"quantity_max":1,"quantity_default":1,"priced_individually":false,"shipped_individually":false,"override_title":false,"title":"Toile de projection","override_description":true,"description":"","optional":false,"hide_thumbnail":false,"discount":"","override_variations":false,"allowed_variations":[],"override_default_variation_attributes":false,"default_variation_attributes":[],"single_product_visibility":"visible","cart_visibility":"visible","order_visibility":"visible","single_product_price_visibility":"visible","cart_price_visibility":"visible","order_price_visibility":"visible","stock_status":"in_stock"},{"bundled_item_id":16,"product_id":1953,"menu_order":3,"quantity_min":2,"quantity_max":2,"quantity_default":2,"priced_individually":false,"shipped_individually":false,"override_title":false,"title":"Sennheiser EW D1-835S Syst\u00e8me Microphone sans-fil","override_description":true,"description":"","optional":false,"hide_thumbnail":false,"discount":"","override_variations":false,"allowed_variations":[],"override_default_variation_attributes":false,"default_variation_attributes":[],"single_product_visibility":"visible","cart_visibility":"visible","order_visibility":"visible","single_product_price_visibility":"visible","cart_price_visibility":"visible","order_price_visibility":"visible","stock_status":"in_stock"},{"bundled_item_id":54,"product_id":1981,"menu_order":4,"quantity_min":1,"quantity_max":1,"quantity_default":1,"priced_individually":false,"shipped_individually":false,"override_title":false,"title":"JB Systems LIVE-6","override_description":true,"description":"","optional":false,"hide_thumbnail":false,"discount":"","override_variations":false,"allowed_variations":[],"override_default_variation_attributes":false,"default_variation_attributes":[],"single_product_visibility":"visible","cart_visibility":"visible","order_visibility":"visible","single_product_price_visibility":"visible","cart_price_visibility":"visible","order_price_visibility":"visible","stock_status":"in_stock"},{"bundled_item_id":17,"product_id":1386,"menu_order":5,"quantity_min":2,"quantity_max":2,"quantity_default":2,"priced_individually":false,"shipped_individually":false,"override_title":false,"title":"Tr\u00e9pied","override_description":true,"description":"","optional":false,"hide_thumbnail":false,"discount":"","override_variations":false,"allowed_variations":[],"override_default_variation_attributes":false,"default_variation_attributes":[],"single_product_visibility":"visible","cart_visibility":"visible","order_visibility":"visible","single_product_price_visibility":"visible","cart_price_visibility":"visible","order_price_visibility":"visible","stock_status":"in_stock"},{"bundled_item_id":33,"product_id":1967,"menu_order":6,"quantity_min":1,"quantity_max":1,"quantity_default":1,"priced_individually":false,"shipped_individually":false,"override_title":false,"title":"C\u00e2blage n\u00e9cessaire pour Pack","override_description":true,"description":"","optional":false,"hide_thumbnail":false,"discount":"","override_variations":false,"allowed_variations":[],"override_default_variation_attributes":false,"default_variation_attributes":[],"single_product_visibility":"visible","cart_visibility":"visible","order_visibility":"visible","single_product_price_visibility":"visible","cart_price_visibility":"visible","order_price_visibility":"visible","stock_status":"in_stock"}],"bundle_sell_ids":[],"acf":[],"_links":{"self":[{"href":"https:\/\/airsoundlocation.ch\/en\/wp-json\/wp\/v2\/product\/1961","targetHints":{"allow":["GET"]}}],"collection":[{"href":"https:\/\/airsoundlocation.ch\/en\/wp-json\/wp\/v2\/product"}],"about":[{"href":"https:\/\/airsoundlocation.ch\/en\/wp-json\/wp\/v2\/types\/product"}],"replies":[{"embeddable":true,"href":"https:\/\/airsoundlocation.ch\/en\/wp-json\/wp\/v2\/comments?post=1961"}],"wp:featuredmedia":[{"embeddable":true,"href":"https:\/\/airsoundlocation.ch\/en\/wp-json\/wp\/v2\/media\/2027"}],"wp:attachment":[{"href":"https:\/\/airsoundlocation.ch\/en\/wp-json\/wp\/v2\/media?parent=1961"}],"wp:term":[{"taxonomy":"product_brand","embeddable":true,"href":"https:\/\/airsoundlocation.ch\/en\/wp-json\/wp\/v2\/product_brand?post=1961"},{"taxonomy":"product_cat","embeddable":true,"href":"https:\/\/airsoundlocation.ch\/en\/wp-json\/wp\/v2\/product_cat?post=1961"},{"taxonomy":"product_tag","embeddable":true,"href":"https:\/\/airsoundlocation.ch\/en\/wp-json\/wp\/v2\/product_tag?post=1961"}],"curies":[{"name":"wp","href":"https:\/\/api.w.org\/{rel}","templated":true}]}}