{"id":1963,"date":"2023-10-20T15:04:39","date_gmt":"2023-10-20T13:04:39","guid":{"rendered":"https:\/\/airsoundlocation.ch\/?post_type=product&#038;p=1963"},"modified":"2024-02-02T13:08:40","modified_gmt":"2024-02-02T12:08:40","slug":"karaokair-deluxe-jbl-710","status":"publish","type":"product","link":"https:\/\/airsoundlocation.ch\/en\/produit\/karaokair-deluxe-jbl-710\/","title":{"rendered":"Karaok&#8217;Air Deluxe JBL 710"},"content":{"rendered":"<p>Ce pack inclut :<\/p>\n<p>&nbsp;<\/p>\n<p><strong>1 Projecteur sans fil Xgimi Halo+<\/strong><\/p>\n<ul>\n<li>Android TV<\/li>\n<li>YouTube Premium inclus (sans publicit\u00e9)<\/li>\n<li>Autonomie : 3,5 heures de visionnage vid\u00e9o ou 5 heures d&#8217;\u00e9coute musicale (Utilisable sur secteur)<\/li>\n<li>Luminosit\u00e9 de 900 Lumens ANSI<\/li>\n<li>Commande vocale et t\u00e9l\u00e9commande<\/li>\n<li>1 entr\u00e9e HDMI<\/li>\n<li>Correction trap\u00e9zo\u00efdale automatique (r\u00e9glage de la distorsion)<\/li>\n<li>Projection jusqu&#8217;\u00e0 200 pouces de diagonale<\/li>\n<li>1,6 Kg<\/li>\n<\/ul>\n<p><strong>2 Haut parleurs JBL PartyBox 710<\/strong><\/p>\n<ul>\n<li>Amplificateur int\u00e9gr\u00e9 800W RMS (chacune)<\/li>\n<li>2 entr\u00e9es Jack (Micro &amp; Micro\/Guitar)<\/li>\n<li>Entr\u00e9e Bluetooth\u00a05.1<\/li>\n<li>Lecture USB<\/li>\n<li>Daisy Chain AUX (In &amp; Out) sans latence<\/li>\n<li>R\u00e9ponse en fr\u00e9quence (-6 dB) : 35Hz \u2013 20kHz<\/li>\n<li>Connectivit\u00e9 sans fil entre les 2 JBL PartyBox 710<\/li>\n<li>fa\u00e7ade lumineuse (Flash et Leds) qui r\u00e9agit \u00e0 la musique<\/li>\n<li>28 Kg (Mode valise pour le transport facile &amp; sacoche de transport disponible)<\/li>\n<\/ul>\n<p><strong>1 Toile de projection<\/strong><\/p>\n<ul>\n<li>2m30 de diagonale<\/li>\n<li>Ultra l\u00e9ger<\/li>\n<li>Pas de pli<\/li>\n<li>Moins de 5 Kg<\/li>\n<\/ul>\n<p><strong>2 Micros sans fil JBL<\/strong><\/p>\n<ul>\n<li>Jusqu&#8217;\u00e0 6h d&#8217;autonomie<\/li>\n<\/ul>\n<p><strong>1 Tr\u00e9pied pour projecteur<\/strong><\/p>\n","protected":false},"excerpt":{"rendered":"<p>Le kit complet pour passer une soir\u00e9e Karaok\u00e9 en toute simplicit\u00e9. Connectivit\u00e9, autonomie, portabilit\u00e9, ce kit est l&#8217;alli\u00e9 des soir\u00e9e Karaok\u00e9. La JBL PartyBox 710 est plus puissante que la Soundboks 3 et que la JBL PartyBox 310. Profitez \u00e9galement de ses fonctionnalit\u00e9s de Karaok\u00e9 !<\/p>\n","protected":false},"featured_media":2029,"comment_status":"open","ping_status":"closed","template":"","meta":{"_acf_changed":false,"_et_pb_use_builder":"","_et_pb_old_content":"","_et_gb_content_width":"","_monsterinsights_skip_tracking":false,"_monsterinsights_sitenote_active":false,"_monsterinsights_sitenote_note":"","_monsterinsights_sitenote_category":0},"product_brand":[],"product_cat":[42,36],"product_tag":[],"class_list":{"0":"post-1963","1":"product","2":"type-product","3":"status-publish","4":"has-post-thumbnail","6":"product_cat-karaoke","7":"product_cat-karaokair","9":"first","10":"instock","11":"shipping-taxable","12":"purchasable","13":"product-type-bundle"},"bundled_by":[],"bundle_stock_status":"instock","bundle_stock_quantity":"","bundle_virtual":false,"bundle_layout":"grid","bundle_add_to_cart_form_location":"default","bundle_editable_in_cart":false,"bundle_sold_individually_context":"product","bundle_item_grouping":"parent","bundle_min_size":"","bundle_max_size":"","bundle_price":{"price":{"min":{"incl_tax":"260","excl_tax":"260"},"max":{"incl_tax":"260","excl_tax":"260"}},"regular_price":{"min":{"incl_tax":"260","excl_tax":"260"},"max":{"incl_tax":"260","excl_tax":"260"}}},"bundled_items":[{"bundled_item_id":29,"product_id":1124,"menu_order":0,"quantity_min":2,"quantity_max":2,"quantity_default":2,"priced_individually":false,"shipped_individually":true,"override_title":false,"title":"JBL Partybox 710","override_description":true,"description":"","optional":false,"hide_thumbnail":false,"discount":"","override_variations":false,"allowed_variations":[],"override_default_variation_attributes":false,"default_variation_attributes":[],"single_product_visibility":"visible","cart_visibility":"visible","order_visibility":"visible","single_product_price_visibility":"visible","cart_price_visibility":"visible","order_price_visibility":"visible","stock_status":"in_stock"},{"bundled_item_id":25,"product_id":1386,"menu_order":1,"quantity_min":2,"quantity_max":2,"quantity_default":2,"priced_individually":false,"shipped_individually":false,"override_title":false,"title":"Tr\u00e9pied","override_description":true,"description":"","optional":false,"hide_thumbnail":false,"discount":"","override_variations":false,"allowed_variations":[],"override_default_variation_attributes":false,"default_variation_attributes":[],"single_product_visibility":"visible","cart_visibility":"visible","order_visibility":"visible","single_product_price_visibility":"visible","cart_price_visibility":"visible","order_price_visibility":"visible","stock_status":"in_stock"},{"bundled_item_id":27,"product_id":1259,"menu_order":2,"quantity_min":1,"quantity_max":1,"quantity_default":1,"priced_individually":false,"shipped_individually":false,"override_title":false,"title":"Micros Sans Fil JBL","override_description":true,"description":"","optional":false,"hide_thumbnail":false,"discount":"","override_variations":false,"allowed_variations":[],"override_default_variation_attributes":false,"default_variation_attributes":[],"single_product_visibility":"visible","cart_visibility":"visible","order_visibility":"visible","single_product_price_visibility":"visible","cart_price_visibility":"visible","order_price_visibility":"visible","stock_status":"in_stock"},{"bundled_item_id":28,"product_id":1388,"menu_order":3,"quantity_min":1,"quantity_max":1,"quantity_default":1,"priced_individually":false,"shipped_individually":false,"override_title":false,"title":"Toile de projection","override_description":true,"description":"","optional":false,"hide_thumbnail":false,"discount":"","override_variations":false,"allowed_variations":[],"override_default_variation_attributes":false,"default_variation_attributes":[],"single_product_visibility":"visible","cart_visibility":"visible","order_visibility":"visible","single_product_price_visibility":"visible","cart_price_visibility":"visible","order_price_visibility":"visible","stock_status":"in_stock"},{"bundled_item_id":26,"product_id":1387,"menu_order":4,"quantity_min":1,"quantity_max":1,"quantity_default":1,"priced_individually":false,"shipped_individually":false,"override_title":false,"title":"Projecteur Portable Xgimi Halo+","override_description":true,"description":"","optional":false,"hide_thumbnail":false,"discount":"","override_variations":false,"allowed_variations":[],"override_default_variation_attributes":false,"default_variation_attributes":[],"single_product_visibility":"visible","cart_visibility":"visible","order_visibility":"visible","single_product_price_visibility":"visible","cart_price_visibility":"visible","order_price_visibility":"visible","stock_status":"in_stock"}],"bundle_sell_ids":[],"acf":[],"_links":{"self":[{"href":"https:\/\/airsoundlocation.ch\/en\/wp-json\/wp\/v2\/product\/1963","targetHints":{"allow":["GET"]}}],"collection":[{"href":"https:\/\/airsoundlocation.ch\/en\/wp-json\/wp\/v2\/product"}],"about":[{"href":"https:\/\/airsoundlocation.ch\/en\/wp-json\/wp\/v2\/types\/product"}],"replies":[{"embeddable":true,"href":"https:\/\/airsoundlocation.ch\/en\/wp-json\/wp\/v2\/comments?post=1963"}],"wp:featuredmedia":[{"embeddable":true,"href":"https:\/\/airsoundlocation.ch\/en\/wp-json\/wp\/v2\/media\/2029"}],"wp:attachment":[{"href":"https:\/\/airsoundlocation.ch\/en\/wp-json\/wp\/v2\/media?parent=1963"}],"wp:term":[{"taxonomy":"product_brand","embeddable":true,"href":"https:\/\/airsoundlocation.ch\/en\/wp-json\/wp\/v2\/product_brand?post=1963"},{"taxonomy":"product_cat","embeddable":true,"href":"https:\/\/airsoundlocation.ch\/en\/wp-json\/wp\/v2\/product_cat?post=1963"},{"taxonomy":"product_tag","embeddable":true,"href":"https:\/\/airsoundlocation.ch\/en\/wp-json\/wp\/v2\/product_tag?post=1963"}],"curies":[{"name":"wp","href":"https:\/\/api.w.org\/{rel}","templated":true}]}}