{"id":1964,"date":"2023-10-20T15:10:55","date_gmt":"2023-10-20T13:10:55","guid":{"rendered":"https:\/\/airsoundlocation.ch\/?post_type=product&#038;p=1964"},"modified":"2024-02-03T18:10:04","modified_gmt":"2024-02-03T17:10:04","slug":"trepied-support-projecteur-appareil-photo","status":"publish","type":"product","link":"https:\/\/airsoundlocation.ch\/en\/produit\/trepied-support-projecteur-appareil-photo\/","title":{"rendered":"Tr\u00e9pied support Projecteur\/Appareil photo"},"content":{"rendered":"<div class=\"product-description\">\n<h2>Leica TRI 100 Stativ &#8211; Tr\u00e9pied \u00e0 Manivelle<\/h2>\n<p>Le <strong>tr\u00e9pied \u00e0 manivelle Leica TRI 100<\/strong> est con\u00e7u pour offrir une pr\u00e9cision et une stabilit\u00e9 exceptionnelles pour les \u00e9quipements de mesure. Facile \u00e0 ajuster gr\u00e2ce \u00e0 sa manivelle, il permet une fine justesse dans le positionnement de votre mat\u00e9riel.<\/p>\n<h3>Caract\u00e9ristiques Principales<\/h3>\n<ul>\n<li>Hauteur ajustable de <strong>70 \u00e0 174 cm<\/strong>, pour s&#8217;adapter \u00e0 divers environnements et besoins de mesure.<\/li>\n<li>Poids l\u00e9ger de <strong>2,4 kg<\/strong>, facilitant le transport et la manipulation.<\/li>\n<li>\u00c9quip\u00e9 d&#8217;une <strong>vis de fixation 1\/4&#8243;<\/strong>, universelle pour la plupart des \u00e9quipements de mesure.<\/li>\n<li>Conception en <strong>aluminium<\/strong>, combinant durabilit\u00e9 et l\u00e9g\u00e8ret\u00e9.<\/li>\n<\/ul>\n<p>&nbsp;<\/p>\n<h3>Informations Suppl\u00e9mentaires<\/h3>\n<p><strong>Fabricant:<\/strong> LEICA GEOSYSTEMS<\/p>\n<p><strong>Conformit\u00e9 RoHS:<\/strong> Certifi\u00e9 conforme, garantissant l&#8217;utilisation de mat\u00e9riaux respectueux de l&#8217;environnement.<\/p>\n<\/div>\n","protected":false},"excerpt":{"rendered":"<p>Tr\u00e9pied haute qualit\u00e9 adapt\u00e9 au <strong>support <\/strong>de<strong> projecteur <\/strong>et d&#8217;<strong>appareil photo\/vid\u00e9o<\/strong>. Permet d&#8217;orienter parfaitement et facilement tout appareil ainsi que de le mettre \u00e0 la bonne hauteur.<\/p>\n","protected":false},"featured_media":1965,"comment_status":"open","ping_status":"closed","template":"","meta":{"_acf_changed":false,"_et_pb_use_builder":"","_et_pb_old_content":"","_et_gb_content_width":"","_monsterinsights_skip_tracking":false,"_monsterinsights_sitenote_active":false,"_monsterinsights_sitenote_note":"","_monsterinsights_sitenote_category":0},"product_brand":[],"product_cat":[34,42],"product_tag":[],"class_list":{"0":"post-1964","1":"product","2":"type-product","3":"status-publish","4":"has-post-thumbnail","6":"product_cat-accessoires","7":"product_cat-karaoke","9":"first","10":"instock","11":"shipping-taxable","12":"purchasable","13":"product-type-simple"},"bundled_by":[],"bundle_stock_status":"instock","bundle_stock_quantity":null,"bundle_virtual":false,"bundle_layout":"","bundle_add_to_cart_form_location":"","bundle_editable_in_cart":false,"bundle_sold_individually_context":"","bundle_item_grouping":"","bundle_min_size":"","bundle_max_size":"","bundle_price":[],"bundled_items":[],"bundle_sell_ids":[],"acf":[],"_links":{"self":[{"href":"https:\/\/airsoundlocation.ch\/en\/wp-json\/wp\/v2\/product\/1964","targetHints":{"allow":["GET"]}}],"collection":[{"href":"https:\/\/airsoundlocation.ch\/en\/wp-json\/wp\/v2\/product"}],"about":[{"href":"https:\/\/airsoundlocation.ch\/en\/wp-json\/wp\/v2\/types\/product"}],"replies":[{"embeddable":true,"href":"https:\/\/airsoundlocation.ch\/en\/wp-json\/wp\/v2\/comments?post=1964"}],"wp:featuredmedia":[{"embeddable":true,"href":"https:\/\/airsoundlocation.ch\/en\/wp-json\/wp\/v2\/media\/1965"}],"wp:attachment":[{"href":"https:\/\/airsoundlocation.ch\/en\/wp-json\/wp\/v2\/media?parent=1964"}],"wp:term":[{"taxonomy":"product_brand","embeddable":true,"href":"https:\/\/airsoundlocation.ch\/en\/wp-json\/wp\/v2\/product_brand?post=1964"},{"taxonomy":"product_cat","embeddable":true,"href":"https:\/\/airsoundlocation.ch\/en\/wp-json\/wp\/v2\/product_cat?post=1964"},{"taxonomy":"product_tag","embeddable":true,"href":"https:\/\/airsoundlocation.ch\/en\/wp-json\/wp\/v2\/product_tag?post=1964"}],"curies":[{"name":"wp","href":"https:\/\/api.w.org\/{rel}","templated":true}]}}