{"id":1977,"date":"2023-10-20T17:19:34","date_gmt":"2023-10-20T15:19:34","guid":{"rendered":"https:\/\/airsoundlocation.ch\/?post_type=product&#038;p=1977"},"modified":"2024-02-02T13:06:56","modified_gmt":"2024-02-02T12:06:56","slug":"starter-pack-jbl-310","status":"publish","type":"product","link":"https:\/\/airsoundlocation.ch\/en\/produit\/starter-pack-jbl-310\/","title":{"rendered":"Starter Pack JBL 310"},"content":{"rendered":"<p>Ce pack inclut :<\/p>\n<p>&nbsp;<\/p>\n<p><strong>1 haut parleurs JBL PartyBox 310<\/strong><\/p>\n<ul>\n<li>Amplificateur int\u00e9gr\u00e9 240W RMS<\/li>\n<li>2 entr\u00e9es Jack (Micro &amp; Micro\/Guitar) et une entr\u00e9e Aux in<\/li>\n<li>Entr\u00e9e Bluetooth 5.1<\/li>\n<li>Lecture USB<\/li>\n<li>Daisy Chain AUX (In &amp; Out) sans latence<\/li>\n<li>R\u00e9ponse en fr\u00e9quence (-6 dB) : 45Hz \u2013 20kHz<\/li>\n<li>fa\u00e7ade lumineuse (Flash et Leds) qui r\u00e9agit \u00e0 la musique<\/li>\n<li>17 Kg (Mode valise pour le transport facile)<\/li>\n<li>Jusqu&#8217;\u00e0 18h d&#8217;autonomie (c\u00e2ble secteur fourni)<\/li>\n<\/ul>\n<p><strong>2 micros sans fil JBL<\/strong><\/p>\n<ul>\n<li>Jusqu&#8217;\u00e0 6h d&#8217;autonomie<\/li>\n<\/ul>\n<p><strong>1 tr\u00e9pied<\/strong><\/p>\n","protected":false},"excerpt":{"rendered":"<p>Fait le pas vers la location d&#8217;un son puissant et clair avec ce Starter pack, sans le tracas du fil ! (<strong>20 \u00e0 50 personnes<\/strong>) mise sur la connectivit\u00e9, la puissance, l&#8217;autonomie et la portabilit\u00e9 avec cette JBL PartyBox 710.<\/p>\n","protected":false},"featured_media":2055,"comment_status":"open","ping_status":"closed","template":"","meta":{"_acf_changed":false,"_et_pb_use_builder":"","_et_pb_old_content":"","_et_gb_content_width":"","_monsterinsights_skip_tracking":false,"_monsterinsights_sitenote_active":false,"_monsterinsights_sitenote_note":"","_monsterinsights_sitenote_category":0},"product_brand":[],"product_cat":[44,50],"product_tag":[],"class_list":{"0":"post-1977","1":"product","2":"type-product","3":"status-publish","4":"has-post-thumbnail","6":"product_cat-packs","7":"product_cat-packs-jbl","9":"first","10":"instock","11":"virtual","12":"purchasable","13":"product-type-bundle"},"bundled_by":[],"bundle_stock_status":"instock","bundle_stock_quantity":"","bundle_virtual":false,"bundle_layout":"grid","bundle_add_to_cart_form_location":"default","bundle_editable_in_cart":false,"bundle_sold_individually_context":"product","bundle_item_grouping":"parent","bundle_min_size":"","bundle_max_size":"","bundle_price":{"price":{"min":{"incl_tax":"70","excl_tax":"70"},"max":{"incl_tax":"70","excl_tax":"70"}},"regular_price":{"min":{"incl_tax":"70","excl_tax":"70"},"max":{"incl_tax":"70","excl_tax":"70"}}},"bundled_items":[{"bundled_item_id":34,"product_id":1260,"menu_order":0,"quantity_min":1,"quantity_max":1,"quantity_default":1,"priced_individually":false,"shipped_individually":false,"override_title":false,"title":"JBL PartyBox 310","override_description":true,"description":"","optional":false,"hide_thumbnail":false,"discount":"","override_variations":false,"allowed_variations":[],"override_default_variation_attributes":false,"default_variation_attributes":[],"single_product_visibility":"visible","cart_visibility":"visible","order_visibility":"visible","single_product_price_visibility":"visible","cart_price_visibility":"visible","order_price_visibility":"visible","stock_status":"in_stock"},{"bundled_item_id":35,"product_id":1259,"menu_order":1,"quantity_min":1,"quantity_max":1,"quantity_default":1,"priced_individually":false,"shipped_individually":false,"override_title":false,"title":"Micros Sans Fil JBL","override_description":true,"description":"","optional":false,"hide_thumbnail":false,"discount":"","override_variations":false,"allowed_variations":[],"override_default_variation_attributes":false,"default_variation_attributes":[],"single_product_visibility":"visible","cart_visibility":"visible","order_visibility":"visible","single_product_price_visibility":"visible","cart_price_visibility":"visible","order_price_visibility":"visible","stock_status":"in_stock"},{"bundled_item_id":36,"product_id":1386,"menu_order":2,"quantity_min":1,"quantity_max":1,"quantity_default":1,"priced_individually":false,"shipped_individually":false,"override_title":false,"title":"Tr\u00e9pied","override_description":true,"description":"","optional":false,"hide_thumbnail":false,"discount":"","override_variations":false,"allowed_variations":[],"override_default_variation_attributes":false,"default_variation_attributes":[],"single_product_visibility":"visible","cart_visibility":"visible","order_visibility":"visible","single_product_price_visibility":"visible","cart_price_visibility":"visible","order_price_visibility":"visible","stock_status":"in_stock"}],"bundle_sell_ids":[],"acf":[],"_links":{"self":[{"href":"https:\/\/airsoundlocation.ch\/en\/wp-json\/wp\/v2\/product\/1977","targetHints":{"allow":["GET"]}}],"collection":[{"href":"https:\/\/airsoundlocation.ch\/en\/wp-json\/wp\/v2\/product"}],"about":[{"href":"https:\/\/airsoundlocation.ch\/en\/wp-json\/wp\/v2\/types\/product"}],"replies":[{"embeddable":true,"href":"https:\/\/airsoundlocation.ch\/en\/wp-json\/wp\/v2\/comments?post=1977"}],"wp:featuredmedia":[{"embeddable":true,"href":"https:\/\/airsoundlocation.ch\/en\/wp-json\/wp\/v2\/media\/2055"}],"wp:attachment":[{"href":"https:\/\/airsoundlocation.ch\/en\/wp-json\/wp\/v2\/media?parent=1977"}],"wp:term":[{"taxonomy":"product_brand","embeddable":true,"href":"https:\/\/airsoundlocation.ch\/en\/wp-json\/wp\/v2\/product_brand?post=1977"},{"taxonomy":"product_cat","embeddable":true,"href":"https:\/\/airsoundlocation.ch\/en\/wp-json\/wp\/v2\/product_cat?post=1977"},{"taxonomy":"product_tag","embeddable":true,"href":"https:\/\/airsoundlocation.ch\/en\/wp-json\/wp\/v2\/product_tag?post=1977"}],"curies":[{"name":"wp","href":"https:\/\/api.w.org\/{rel}","templated":true}]}}