{"id":1978,"date":"2023-10-20T17:22:46","date_gmt":"2023-10-20T15:22:46","guid":{"rendered":"https:\/\/airsoundlocation.ch\/?post_type=product&#038;p=1978"},"modified":"2024-02-02T13:06:37","modified_gmt":"2024-02-02T12:06:37","slug":"stereo-power-jbl-310","status":"publish","type":"product","link":"https:\/\/airsoundlocation.ch\/en\/produit\/stereo-power-jbl-310\/","title":{"rendered":"Stereo Power JBL 310"},"content":{"rendered":"<p>Ce pack inclut :<\/p>\n<p>&nbsp;<\/p>\n<p><strong>2 haut parleurs JBL PartyBox 310<\/strong><\/p>\n<ul>\n<li>Amplificateur int\u00e9gr\u00e9 240W RMS (chacune)<\/li>\n<li>2 entr\u00e9es Jack (Micro &amp; Micro\/Guitar) et une entr\u00e9e Aux in<\/li>\n<li>Entr\u00e9e Bluetooth 5.1<\/li>\n<li>Lecture USB<\/li>\n<li>Daisy Chain AUX (In &amp; Out) sans latence<\/li>\n<li>R\u00e9ponse en fr\u00e9quence (-6 dB) : 45Hz \u2013 20kHz<\/li>\n<li>Connectivit\u00e9 sans fil entre les 2 JBL PartyBox 310<\/li>\n<li>fa\u00e7ade lumineuse (Flash et Leds) qui r\u00e9agit \u00e0 la musique<\/li>\n<li>17 Kg (Mode valise pour le transport facile)<\/li>\n<li>Jusqu&#8217;\u00e0 18h d&#8217;autonomie (c\u00e2ble secteur fourni)<\/li>\n<\/ul>\n<p><strong>2 micros sans fil JBL<\/strong><\/p>\n<ul>\n<li>Jusqu&#8217;\u00e0 6h d&#8217;autonomie<\/li>\n<\/ul>\n<p><strong>2 tr\u00e9pieds<\/strong><\/p>\n","protected":false},"excerpt":{"rendered":"<p>Id\u00e9al pour un \u00e9v\u00e8nement de <strong>30 \u00e0 80 personnes<\/strong>. Pack enti\u00e8rement autonome, sans c\u00e2ble. Allie portabilit\u00e9, autonomie, connectivit\u00e9 et puissance (480W RMS)<\/p>\n","protected":false},"featured_media":2057,"comment_status":"open","ping_status":"closed","template":"","meta":{"_acf_changed":false,"_et_pb_use_builder":"","_et_pb_old_content":"","_et_gb_content_width":"","_monsterinsights_skip_tracking":false,"_monsterinsights_sitenote_active":false,"_monsterinsights_sitenote_note":"","_monsterinsights_sitenote_category":0},"product_brand":[],"product_cat":[50],"product_tag":[],"class_list":{"0":"post-1978","1":"product","2":"type-product","3":"status-publish","4":"has-post-thumbnail","6":"product_cat-packs-jbl","8":"first","9":"instock","10":"virtual","11":"purchasable","12":"product-type-bundle"},"bundled_by":[],"bundle_stock_status":"instock","bundle_stock_quantity":"","bundle_virtual":false,"bundle_layout":"grid","bundle_add_to_cart_form_location":"default","bundle_editable_in_cart":false,"bundle_sold_individually_context":"product","bundle_item_grouping":"parent","bundle_min_size":"","bundle_max_size":"","bundle_price":{"price":{"min":{"incl_tax":"130","excl_tax":"130"},"max":{"incl_tax":"130","excl_tax":"130"}},"regular_price":{"min":{"incl_tax":"130","excl_tax":"130"},"max":{"incl_tax":"130","excl_tax":"130"}}},"bundled_items":[{"bundled_item_id":37,"product_id":1260,"menu_order":0,"quantity_min":2,"quantity_max":2,"quantity_default":2,"priced_individually":false,"shipped_individually":false,"override_title":false,"title":"JBL PartyBox 310","override_description":true,"description":"","optional":false,"hide_thumbnail":false,"discount":"","override_variations":false,"allowed_variations":[],"override_default_variation_attributes":false,"default_variation_attributes":[],"single_product_visibility":"visible","cart_visibility":"visible","order_visibility":"visible","single_product_price_visibility":"visible","cart_price_visibility":"visible","order_price_visibility":"visible","stock_status":"in_stock"},{"bundled_item_id":38,"product_id":1259,"menu_order":1,"quantity_min":2,"quantity_max":2,"quantity_default":2,"priced_individually":false,"shipped_individually":false,"override_title":false,"title":"Micros Sans Fil JBL","override_description":true,"description":"","optional":false,"hide_thumbnail":false,"discount":"","override_variations":false,"allowed_variations":[],"override_default_variation_attributes":false,"default_variation_attributes":[],"single_product_visibility":"visible","cart_visibility":"visible","order_visibility":"visible","single_product_price_visibility":"visible","cart_price_visibility":"visible","order_price_visibility":"visible","stock_status":"in_stock"},{"bundled_item_id":39,"product_id":1386,"menu_order":2,"quantity_min":2,"quantity_max":2,"quantity_default":2,"priced_individually":false,"shipped_individually":false,"override_title":false,"title":"Tr\u00e9pied","override_description":true,"description":"","optional":false,"hide_thumbnail":false,"discount":"","override_variations":false,"allowed_variations":[],"override_default_variation_attributes":false,"default_variation_attributes":[],"single_product_visibility":"visible","cart_visibility":"visible","order_visibility":"visible","single_product_price_visibility":"visible","cart_price_visibility":"visible","order_price_visibility":"visible","stock_status":"in_stock"}],"bundle_sell_ids":[],"acf":[],"_links":{"self":[{"href":"https:\/\/airsoundlocation.ch\/en\/wp-json\/wp\/v2\/product\/1978","targetHints":{"allow":["GET"]}}],"collection":[{"href":"https:\/\/airsoundlocation.ch\/en\/wp-json\/wp\/v2\/product"}],"about":[{"href":"https:\/\/airsoundlocation.ch\/en\/wp-json\/wp\/v2\/types\/product"}],"replies":[{"embeddable":true,"href":"https:\/\/airsoundlocation.ch\/en\/wp-json\/wp\/v2\/comments?post=1978"}],"wp:featuredmedia":[{"embeddable":true,"href":"https:\/\/airsoundlocation.ch\/en\/wp-json\/wp\/v2\/media\/2057"}],"wp:attachment":[{"href":"https:\/\/airsoundlocation.ch\/en\/wp-json\/wp\/v2\/media?parent=1978"}],"wp:term":[{"taxonomy":"product_brand","embeddable":true,"href":"https:\/\/airsoundlocation.ch\/en\/wp-json\/wp\/v2\/product_brand?post=1978"},{"taxonomy":"product_cat","embeddable":true,"href":"https:\/\/airsoundlocation.ch\/en\/wp-json\/wp\/v2\/product_cat?post=1978"},{"taxonomy":"product_tag","embeddable":true,"href":"https:\/\/airsoundlocation.ch\/en\/wp-json\/wp\/v2\/product_tag?post=1978"}],"curies":[{"name":"wp","href":"https:\/\/api.w.org\/{rel}","templated":true}]}}