{"id":1983,"date":"2023-10-20T17:44:35","date_gmt":"2023-10-20T15:44:35","guid":{"rendered":"https:\/\/airsoundlocation.ch\/?post_type=product&#038;p=1983"},"modified":"2024-02-02T13:03:23","modified_gmt":"2024-02-02T12:03:23","slug":"maximum-power","status":"publish","type":"product","link":"https:\/\/airsoundlocation.ch\/en\/produit\/maximum-power\/","title":{"rendered":"Maximum Power"},"content":{"rendered":"<p>Ce pack inclut :<\/p>\n<p>&nbsp;<\/p>\n<p><strong>2 haut parleurs actif Alto TS 415<\/strong><\/p>\n<ul>\n<li>Amplificateur int\u00e9gr\u00e9 2500W (1250W RMS)<\/li>\n<li>SPL Max : 135 dB<\/li>\n<li>2 entr\u00e9es XLR\/JACK<\/li>\n<li>1 sortie MIX<\/li>\n<li>Entr\u00e9e Bluetooth<\/li>\n<li>Connectivit\u00e9 sans fil entre les haut parleurs (St\u00e9r\u00e9o Link)<\/li>\n<li>Egaliseur int\u00e9gr\u00e9 (Back Panel ou via application mobile)<\/li>\n<\/ul>\n<p><strong>1 Subwoofer LD Systems ICOA 18A<\/strong><\/p>\n<ul>\n<li>Amplificateur int\u00e9gr\u00e9 2400W (600W RMS)<\/li>\n<li>2 entr\u00e9es XLR\/JACK<\/li>\n<li>2 sortie XLR (Thru)<\/li>\n<li><span class=\"fx-text fx-text--plus list-item__text\">R\u00e9ponse en fr\u00e9quence (-10 dB) : 29Hz en fonction du pr\u00e9r\u00e9glage<\/span><\/li>\n<li>SPL Max : 133dB<\/li>\n<\/ul>\n<p><strong>1 table de mixage JB Systems LIVE-6<\/strong><\/p>\n<ul>\n<li>6 entr\u00e9es (4 canaux)<\/li>\n<li>Alimentation 5V<\/li>\n<li>Entr\u00e9e Bluetooth int\u00e9gr\u00e9e<\/li>\n<\/ul>\n<p><strong>2 micros sans fil JBL<\/strong><\/p>\n<ul>\n<li>Jusqu&#8217;\u00e0 6h d&#8217;autonomie<\/li>\n<\/ul>\n<p><strong>2 tr\u00e9pieds K&amp;M<\/strong><\/p>\n","protected":false},"excerpt":{"rendered":"<p>Un son sup\u00e9rieur et \u00e9nergique pour un public allant de <strong>50 \u00e0 200 personnes<\/strong>. Ce pack r\u00e9unit 7400W (3100W RMS) de puissance ! Le tout offre une exp\u00e9rience intense et professionnelle.<\/p>\n","protected":false},"featured_media":2060,"comment_status":"open","ping_status":"closed","template":"","meta":{"_acf_changed":false,"_et_pb_use_builder":"","_et_pb_old_content":"","_et_gb_content_width":"","_monsterinsights_skip_tracking":false,"_monsterinsights_sitenote_active":false,"_monsterinsights_sitenote_note":"","_monsterinsights_sitenote_category":0},"product_brand":[],"product_cat":[44,51],"product_tag":[],"class_list":{"0":"post-1983","1":"product","2":"type-product","3":"status-publish","4":"has-post-thumbnail","6":"product_cat-packs","7":"product_cat-packs-actifs","9":"first","10":"instock","11":"virtual","12":"purchasable","13":"product-type-bundle"},"bundled_by":[],"bundle_stock_status":"instock","bundle_stock_quantity":"","bundle_virtual":false,"bundle_layout":"grid","bundle_add_to_cart_form_location":"default","bundle_editable_in_cart":false,"bundle_sold_individually_context":"product","bundle_item_grouping":"parent","bundle_min_size":"","bundle_max_size":"","bundle_price":{"price":{"min":{"incl_tax":"270","excl_tax":"270"},"max":{"incl_tax":"270","excl_tax":"270"}},"regular_price":{"min":{"incl_tax":"270","excl_tax":"270"},"max":{"incl_tax":"270","excl_tax":"270"}}},"bundled_items":[{"bundled_item_id":45,"product_id":1389,"menu_order":0,"quantity_min":2,"quantity_max":2,"quantity_default":2,"priced_individually":false,"shipped_individually":false,"override_title":false,"title":"Alto TS415","override_description":true,"description":"","optional":false,"hide_thumbnail":false,"discount":"","override_variations":false,"allowed_variations":[],"override_default_variation_attributes":false,"default_variation_attributes":[],"single_product_visibility":"visible","cart_visibility":"visible","order_visibility":"visible","single_product_price_visibility":"visible","cart_price_visibility":"visible","order_price_visibility":"visible","stock_status":"in_stock"},{"bundled_item_id":48,"product_id":1391,"menu_order":1,"quantity_min":1,"quantity_max":1,"quantity_default":1,"priced_individually":false,"shipped_individually":false,"override_title":false,"title":"LD Systems ICOA 18 A","override_description":true,"description":"","optional":false,"hide_thumbnail":false,"discount":"","override_variations":false,"allowed_variations":[],"override_default_variation_attributes":false,"default_variation_attributes":[],"single_product_visibility":"visible","cart_visibility":"visible","order_visibility":"visible","single_product_price_visibility":"visible","cart_price_visibility":"visible","order_price_visibility":"visible","stock_status":"in_stock"},{"bundled_item_id":49,"product_id":1981,"menu_order":2,"quantity_min":1,"quantity_max":1,"quantity_default":1,"priced_individually":false,"shipped_individually":false,"override_title":false,"title":"JB Systems LIVE-6","override_description":true,"description":"","optional":false,"hide_thumbnail":false,"discount":"","override_variations":false,"allowed_variations":[],"override_default_variation_attributes":false,"default_variation_attributes":[],"single_product_visibility":"visible","cart_visibility":"visible","order_visibility":"visible","single_product_price_visibility":"visible","cart_price_visibility":"visible","order_price_visibility":"visible","stock_status":"in_stock"},{"bundled_item_id":47,"product_id":1259,"menu_order":3,"quantity_min":1,"quantity_max":1,"quantity_default":1,"priced_individually":false,"shipped_individually":false,"override_title":false,"title":"Micros Sans Fil JBL","override_description":true,"description":"","optional":false,"hide_thumbnail":false,"discount":"","override_variations":false,"allowed_variations":[],"override_default_variation_attributes":false,"default_variation_attributes":[],"single_product_visibility":"visible","cart_visibility":"visible","order_visibility":"visible","single_product_price_visibility":"visible","cart_price_visibility":"visible","order_price_visibility":"visible","stock_status":"in_stock"},{"bundled_item_id":46,"product_id":1386,"menu_order":4,"quantity_min":1,"quantity_max":1,"quantity_default":1,"priced_individually":false,"shipped_individually":false,"override_title":false,"title":"Tr\u00e9pied","override_description":true,"description":"","optional":false,"hide_thumbnail":false,"discount":"","override_variations":false,"allowed_variations":[],"override_default_variation_attributes":false,"default_variation_attributes":[],"single_product_visibility":"visible","cart_visibility":"visible","order_visibility":"visible","single_product_price_visibility":"visible","cart_price_visibility":"visible","order_price_visibility":"visible","stock_status":"in_stock"},{"bundled_item_id":50,"product_id":1967,"menu_order":5,"quantity_min":1,"quantity_max":1,"quantity_default":1,"priced_individually":false,"shipped_individually":false,"override_title":false,"title":"C\u00e2blage n\u00e9cessaire pour Pack","override_description":true,"description":"","optional":false,"hide_thumbnail":false,"discount":"","override_variations":false,"allowed_variations":[],"override_default_variation_attributes":false,"default_variation_attributes":[],"single_product_visibility":"visible","cart_visibility":"visible","order_visibility":"visible","single_product_price_visibility":"visible","cart_price_visibility":"visible","order_price_visibility":"visible","stock_status":"in_stock"}],"bundle_sell_ids":[],"acf":[],"_links":{"self":[{"href":"https:\/\/airsoundlocation.ch\/en\/wp-json\/wp\/v2\/product\/1983","targetHints":{"allow":["GET"]}}],"collection":[{"href":"https:\/\/airsoundlocation.ch\/en\/wp-json\/wp\/v2\/product"}],"about":[{"href":"https:\/\/airsoundlocation.ch\/en\/wp-json\/wp\/v2\/types\/product"}],"replies":[{"embeddable":true,"href":"https:\/\/airsoundlocation.ch\/en\/wp-json\/wp\/v2\/comments?post=1983"}],"wp:featuredmedia":[{"embeddable":true,"href":"https:\/\/airsoundlocation.ch\/en\/wp-json\/wp\/v2\/media\/2060"}],"wp:attachment":[{"href":"https:\/\/airsoundlocation.ch\/en\/wp-json\/wp\/v2\/media?parent=1983"}],"wp:term":[{"taxonomy":"product_brand","embeddable":true,"href":"https:\/\/airsoundlocation.ch\/en\/wp-json\/wp\/v2\/product_brand?post=1983"},{"taxonomy":"product_cat","embeddable":true,"href":"https:\/\/airsoundlocation.ch\/en\/wp-json\/wp\/v2\/product_cat?post=1983"},{"taxonomy":"product_tag","embeddable":true,"href":"https:\/\/airsoundlocation.ch\/en\/wp-json\/wp\/v2\/product_tag?post=1983"}],"curies":[{"name":"wp","href":"https:\/\/api.w.org\/{rel}","templated":true}]}}