{"id":2209,"date":"2023-12-17T18:52:09","date_gmt":"2023-12-17T17:52:09","guid":{"rendered":"https:\/\/airsoundlocation.ch\/?post_type=product&#038;p=2209"},"modified":"2023-12-17T18:53:16","modified_gmt":"2023-12-17T17:53:16","slug":"lumiere-noire-uv-24-leds-blacklight","status":"publish","type":"product","link":"https:\/\/airsoundlocation.ch\/en\/produit\/lumiere-noire-uv-24-leds-blacklight\/","title":{"rendered":"Lumi\u00e8re noire (UV) 24 Leds blacklight"},"content":{"rendered":"","protected":false},"excerpt":{"rendered":"<p>Une lumi\u00e8re noire multidirectionnelle et r\u00e9glable pour cr\u00e9er une atmosph\u00e8re unique <\/p>\n<p>4 rang\u00e9es de 6 LED UV de 3 watts chacune<br \/>\nContr\u00f4le DMX possible via 7 canaux<br \/>\nDMX et mode autonome<br \/>\nMode automatique avec 3 programmes de poursuite<br \/>\nEffet stroboscopique en vitesse r\u00e9glable manuellement sur l&#8217;appareil ou via DMX<br \/>\nLongueur d&#8217;onde: 395-405 nM<\/p>\n","protected":false},"featured_media":2210,"comment_status":"open","ping_status":"closed","template":"","meta":{"_acf_changed":false,"_et_pb_use_builder":"","_et_pb_old_content":"","_et_gb_content_width":"","_monsterinsights_skip_tracking":false,"_monsterinsights_sitenote_active":false,"_monsterinsights_sitenote_note":"","_monsterinsights_sitenote_category":0},"product_brand":[],"product_cat":[49,54],"product_tag":[],"class_list":{"0":"post-2209","1":"product","2":"type-product","3":"status-publish","4":"has-post-thumbnail","6":"product_cat-effets","7":"product_cat-lumieres-effets","9":"first","10":"instock","11":"shipping-taxable","12":"purchasable","13":"product-type-simple"},"bundled_by":[],"bundle_stock_status":"instock","bundle_stock_quantity":null,"bundle_virtual":false,"bundle_layout":"","bundle_add_to_cart_form_location":"","bundle_editable_in_cart":false,"bundle_sold_individually_context":"","bundle_item_grouping":"","bundle_min_size":"","bundle_max_size":"","bundle_price":[],"bundled_items":[],"bundle_sell_ids":[],"acf":[],"_links":{"self":[{"href":"https:\/\/airsoundlocation.ch\/en\/wp-json\/wp\/v2\/product\/2209","targetHints":{"allow":["GET"]}}],"collection":[{"href":"https:\/\/airsoundlocation.ch\/en\/wp-json\/wp\/v2\/product"}],"about":[{"href":"https:\/\/airsoundlocation.ch\/en\/wp-json\/wp\/v2\/types\/product"}],"replies":[{"embeddable":true,"href":"https:\/\/airsoundlocation.ch\/en\/wp-json\/wp\/v2\/comments?post=2209"}],"wp:featuredmedia":[{"embeddable":true,"href":"https:\/\/airsoundlocation.ch\/en\/wp-json\/wp\/v2\/media\/2210"}],"wp:attachment":[{"href":"https:\/\/airsoundlocation.ch\/en\/wp-json\/wp\/v2\/media?parent=2209"}],"wp:term":[{"taxonomy":"product_brand","embeddable":true,"href":"https:\/\/airsoundlocation.ch\/en\/wp-json\/wp\/v2\/product_brand?post=2209"},{"taxonomy":"product_cat","embeddable":true,"href":"https:\/\/airsoundlocation.ch\/en\/wp-json\/wp\/v2\/product_cat?post=2209"},{"taxonomy":"product_tag","embeddable":true,"href":"https:\/\/airsoundlocation.ch\/en\/wp-json\/wp\/v2\/product_tag?post=2209"}],"curies":[{"name":"wp","href":"https:\/\/api.w.org\/{rel}","templated":true}]}}