{"id":2239,"date":"2024-01-07T17:28:37","date_gmt":"2024-01-07T16:28:37","guid":{"rendered":"https:\/\/airsoundlocation.ch\/?post_type=product&#038;p=2239"},"modified":"2025-06-05T21:21:31","modified_gmt":"2025-06-05T19:21:31","slug":"barre-deffets-chauvet-gigbar-move-ils","status":"publish","type":"product","link":"https:\/\/airsoundlocation.ch\/en\/produit\/barre-deffets-chauvet-gigbar-move-ils\/","title":{"rendered":"Barre d&#8217;effets Chauvet Gigbar Move + ILS"},"content":{"rendered":"<p>Le GigBAR Move + ILS, une innovation dans la gamme GigBAR, est \u00e9quip\u00e9 du syst\u00e8me ILS (Syst\u00e8me d\u2019\u00c9clairage Int\u00e9gr\u00e9) pour des effets lumineux synchronis\u00e9s sur divers luminaires, avec ou sans c\u00e2bles. Ce dispositif 5-en-1 combine lyres automatiques, derbies, washs, laser et effet strobe sur une barre unique.<\/p>\n<p>Son interface tactile LCD permet un acc\u00e8s simple aux fonctions avanc\u00e9es, dont un mode Totem pour focaliser les lyres sur la piste de danse. Il int\u00e8gre \u00e9galement des LEDs UV pour des effets de lumi\u00e8re noire.<\/p>\n<p>Avec le GigBAR Move + ILS, contr\u00f4lez individuellement chaque effet sans viser directement les projecteurs gr\u00e2ce \u00e0 la t\u00e9l\u00e9commande RF incluse. Il peut \u00eatre g\u00e9r\u00e9 en mode autonome, DMX, ou via un p\u00e9dalier sans fil.<\/p>\n<p>Le pack comprend un tr\u00e9pied, un p\u00e9dalier sans fil, une t\u00e9l\u00e9commande RF et un sac de transport pour un montage facile.<\/p>\n<p>Le pack GigBAR Move + ILS propose un tr\u00e9pied, un p\u00e9dalier sans fil, une t\u00e9l\u00e9commande RF et un sac de transport gratuit qui vous assure un montage rapide.<\/p>\n<p>*Integrated Lighting System = Syst\u00e8me d\u2019\u00c9clairage Int\u00e9gr\u00e9<\/p>\n","protected":false},"excerpt":{"rendered":"<p>Syst\u00e8me d&#8217;\u00e9clairage GigBAR Move + ILS : dispositif 5-en-1 avec contr\u00f4le ILS, interface tactile, modes avanc\u00e9s, et t\u00e9l\u00e9commande RF. Pack complet incluant tr\u00e9pied et sac de transport<\/p>\n","protected":false},"featured_media":2240,"comment_status":"open","ping_status":"closed","template":"","meta":{"_acf_changed":false,"_et_pb_use_builder":"","_et_pb_old_content":"","_et_gb_content_width":"","_monsterinsights_skip_tracking":false,"_monsterinsights_sitenote_active":false,"_monsterinsights_sitenote_note":"","_monsterinsights_sitenote_category":0},"product_brand":[],"product_cat":[47,49,54],"product_tag":[],"class_list":{"0":"post-2239","1":"product","2":"type-product","3":"status-publish","4":"has-post-thumbnail","6":"product_cat-dj-live","7":"product_cat-effets","8":"product_cat-lumieres-effets","10":"first","11":"instock","12":"shipping-taxable","13":"purchasable","14":"product-type-simple"},"bundled_by":[],"bundle_stock_status":"instock","bundle_stock_quantity":null,"bundle_virtual":false,"bundle_layout":"","bundle_add_to_cart_form_location":"","bundle_editable_in_cart":false,"bundle_sold_individually_context":"","bundle_item_grouping":"","bundle_min_size":"","bundle_max_size":"","bundle_price":[],"bundled_items":[],"bundle_sell_ids":[],"acf":[],"_links":{"self":[{"href":"https:\/\/airsoundlocation.ch\/en\/wp-json\/wp\/v2\/product\/2239","targetHints":{"allow":["GET"]}}],"collection":[{"href":"https:\/\/airsoundlocation.ch\/en\/wp-json\/wp\/v2\/product"}],"about":[{"href":"https:\/\/airsoundlocation.ch\/en\/wp-json\/wp\/v2\/types\/product"}],"replies":[{"embeddable":true,"href":"https:\/\/airsoundlocation.ch\/en\/wp-json\/wp\/v2\/comments?post=2239"}],"wp:featuredmedia":[{"embeddable":true,"href":"https:\/\/airsoundlocation.ch\/en\/wp-json\/wp\/v2\/media\/2240"}],"wp:attachment":[{"href":"https:\/\/airsoundlocation.ch\/en\/wp-json\/wp\/v2\/media?parent=2239"}],"wp:term":[{"taxonomy":"product_brand","embeddable":true,"href":"https:\/\/airsoundlocation.ch\/en\/wp-json\/wp\/v2\/product_brand?post=2239"},{"taxonomy":"product_cat","embeddable":true,"href":"https:\/\/airsoundlocation.ch\/en\/wp-json\/wp\/v2\/product_cat?post=2239"},{"taxonomy":"product_tag","embeddable":true,"href":"https:\/\/airsoundlocation.ch\/en\/wp-json\/wp\/v2\/product_tag?post=2239"}],"curies":[{"name":"wp","href":"https:\/\/api.w.org\/{rel}","templated":true}]}}