{"id":2578,"date":"2024-09-22T11:42:15","date_gmt":"2024-09-22T09:42:15","guid":{"rendered":"https:\/\/airsoundlocation.ch\/?post_type=product&#038;p=2578"},"modified":"2024-09-22T11:45:33","modified_gmt":"2024-09-22T09:45:33","slug":"sennheiser-xsw-1-825-a-dual","status":"publish","type":"product","link":"https:\/\/airsoundlocation.ch\/en\/produit\/sennheiser-xsw-1-825-a-dual\/","title":{"rendered":"Sennheiser XSW 1-825-A DUAL"},"content":{"rendered":"<p>Le <strong>XSW 1-825 Dual-A<\/strong> est un syst\u00e8me sans fil con\u00e7u pour faciliter les performances des chanteurs et animateurs. Con\u00e7u pour une utilisation facile, ce syst\u00e8me UHF analogique est dot\u00e9 d&#8217;un r\u00e9cepteur double canal avec antennes int\u00e9gr\u00e9es et d&#8217;une interface simplifi\u00e9e.<\/p>\n<h3>Caract\u00e9ristiques Principales<\/h3>\n<ul>\n<li><strong>Nouvelle capsule KE 4<\/strong> : Offre des nuances chaleureuses et une meilleure qualit\u00e9 audio.<\/li>\n<li><strong>Gestion des niveaux de pression acoustique maximaux<\/strong> : Reproduction sans distorsion dans toutes les applications.<\/li>\n<li><strong>Tour de cou flexible et ergonomique<\/strong> : S&#8217;adapte en toute s\u00e9curit\u00e9 \u00e0 diverses formes et tailles de t\u00eate.<\/li>\n<li><strong>Confort de port maximal<\/strong> : Maintien d\u00e9licat mais s\u00fbr pour une utilisation prolong\u00e9e.<\/li>\n<li><strong>Construction robuste et discr\u00e8te<\/strong> : Allie durabilit\u00e9 et \u00e9l\u00e9gance.<\/li>\n<li><strong>R\u00e9sistant \u00e0 la sueur<\/strong> : Gr\u00e2ce \u00e0 une membrane brevet\u00e9e (Umbrella) et une bague d&#8217;\u00e9tanch\u00e9it\u00e9 en caoutchouc.<\/li>\n<li><strong>Entretien facile<\/strong> : Toutes les pi\u00e8ces individuelles peuvent \u00eatre remplac\u00e9es et command\u00e9es s\u00e9par\u00e9ment.<\/li>\n<li><strong>Rev\u00eatement hypoallerg\u00e9nique de haute qualit\u00e9<\/strong> : Convient aux peaux sensibles.<\/li>\n<\/ul>\n<h3>Avantages<\/h3>\n<ul>\n<li><strong>Installation rapide<\/strong> : Mise en place facile pour une utilisation imm\u00e9diate.<\/li>\n<li><strong>Qualit\u00e9 audio professionnelle<\/strong> : Son clair et pr\u00e9cis pour des performances exceptionnelles.<\/li>\n<li><strong>Polyvalence<\/strong> : Adapt\u00e9 \u00e0 diverses applications, des concerts aux pr\u00e9sentations.<\/li>\n<li><strong>Fiabilit\u00e9 Sennheiser<\/strong> : Garantie d&#8217;une performance constante et durable.<\/li>\n<\/ul>\n","protected":false},"excerpt":{"rendered":"<p>Syst\u00e8me sans fil \u00e0 <strong>2 canaux<\/strong> id\u00e9al pour les <strong>chanteurs<\/strong> et <strong>animateurs<\/strong>. Le <strong>XS Wireless 1 DUAL<\/strong> de <strong>Sennheiser<\/strong> offre une qualit\u00e9 audio exceptionnelle avec une utilisation simplifi\u00e9e gr\u00e2ce \u00e0 son r\u00e9cepteur double canal \u00e9l\u00e9gant et ses antennes int\u00e9gr\u00e9es.<\/p>\n","protected":false},"featured_media":2580,"comment_status":"open","ping_status":"closed","template":"","meta":{"_acf_changed":false,"_et_pb_use_builder":"","_et_pb_old_content":"","_et_gb_content_width":"","_monsterinsights_skip_tracking":false,"_monsterinsights_sitenote_active":false,"_monsterinsights_sitenote_note":"","_monsterinsights_sitenote_category":0},"product_brand":[],"product_cat":[53],"product_tag":[],"class_list":{"0":"post-2578","1":"product","2":"type-product","3":"status-publish","4":"has-post-thumbnail","6":"product_cat-microphones","8":"first","9":"instock","10":"shipping-taxable","11":"purchasable","12":"product-type-simple"},"bundled_by":[],"bundle_stock_status":"instock","bundle_stock_quantity":null,"bundle_virtual":false,"bundle_layout":"","bundle_add_to_cart_form_location":"","bundle_editable_in_cart":false,"bundle_sold_individually_context":"","bundle_item_grouping":"","bundle_min_size":"","bundle_max_size":"","bundle_price":[],"bundled_items":[],"bundle_sell_ids":[],"acf":[],"_links":{"self":[{"href":"https:\/\/airsoundlocation.ch\/en\/wp-json\/wp\/v2\/product\/2578","targetHints":{"allow":["GET"]}}],"collection":[{"href":"https:\/\/airsoundlocation.ch\/en\/wp-json\/wp\/v2\/product"}],"about":[{"href":"https:\/\/airsoundlocation.ch\/en\/wp-json\/wp\/v2\/types\/product"}],"replies":[{"embeddable":true,"href":"https:\/\/airsoundlocation.ch\/en\/wp-json\/wp\/v2\/comments?post=2578"}],"wp:featuredmedia":[{"embeddable":true,"href":"https:\/\/airsoundlocation.ch\/en\/wp-json\/wp\/v2\/media\/2580"}],"wp:attachment":[{"href":"https:\/\/airsoundlocation.ch\/en\/wp-json\/wp\/v2\/media?parent=2578"}],"wp:term":[{"taxonomy":"product_brand","embeddable":true,"href":"https:\/\/airsoundlocation.ch\/en\/wp-json\/wp\/v2\/product_brand?post=2578"},{"taxonomy":"product_cat","embeddable":true,"href":"https:\/\/airsoundlocation.ch\/en\/wp-json\/wp\/v2\/product_cat?post=2578"},{"taxonomy":"product_tag","embeddable":true,"href":"https:\/\/airsoundlocation.ch\/en\/wp-json\/wp\/v2\/product_tag?post=2578"}],"curies":[{"name":"wp","href":"https:\/\/api.w.org\/{rel}","templated":true}]}}