{"id":2762,"date":"2024-11-05T19:55:07","date_gmt":"2024-11-05T18:55:07","guid":{"rendered":"https:\/\/airsoundlocation.ch\/?post_type=product&#038;p=2762"},"modified":"2024-11-05T20:06:04","modified_gmt":"2024-11-05T19:06:04","slug":"behringer-x-air-xr12","status":"publish","type":"product","link":"https:\/\/airsoundlocation.ch\/en\/produit\/behringer-x-air-xr12\/","title":{"rendered":"Behringer X AIR XR12"},"content":{"rendered":"<p class=\"p1\">D\u00e9couvrez la Behringer XR12, le concentr\u00e9 d\u2019efficacit\u00e9 au format compact, parfait pour tous vos besoins de mixage en direct ou en studio ! Dot\u00e9e de <b>12 entr\u00e9es<\/b>, elle offre une flexibilit\u00e9 optimale pour tous types d\u2019applications audio, qu\u2019il s\u2019agisse de micros, de lignes st\u00e9r\u00e9o ou m\u00eame de sources num\u00e9riques via USB. Aliment\u00e9e par un port <b>USB 5V<\/b>, elle peut \u00eatre facilement coupl\u00e9e \u00e0 une banque d\u2019alimentation pour une mobilit\u00e9 totale.<\/p>\n<p class=\"p1\">La XR12 vous permet d\u2019enregistrer en mono ou de profiter d\u2019une \u00e9coute en st\u00e9r\u00e9o en la connectant \u00e0 un <b>PC\/Mac<\/b> via son interface USB bidirectionnelle. Laissez-vous porter par vos morceaux favoris gr\u00e2ce \u00e0 son lecteur multim\u00e9dia int\u00e9gr\u00e9, compatible avec de nombreux formats, et enregistrez en <b>MP3<\/b> si n\u00e9cessaire. Le <b>Bluetooth int\u00e9gr\u00e9<\/b> vous permet de diffuser facilement des contenus audio sans fil.<\/p>\n<p class=\"p1\">L\u2019<b>unit\u00e9 d\u2019effets DSP 40 bits<\/b> de Behringer propose <b>plus de 100 effets<\/b> de haute qualit\u00e9 pour enrichir et personnaliser votre mixage. Chaque canal dispose de r\u00e9glages avanc\u00e9s comme le gain, le pan, et un \u00e9galiseur complet pour un contr\u00f4le sonore optimal. Les canaux mono sont \u00e9quip\u00e9s d\u2019une <b>alimentation fant\u00f4me 48V<\/b>, id\u00e9ale pour les micros \u00e0 condensateur.<\/p>\n<p class=\"p1\">Enfin, b\u00e9n\u00e9ficiez de sorties flexibles, dont une <b>sortie ma\u00eetre \u00e9quilibr\u00e9e<\/b> et des sorties d\u00e9di\u00e9es pour le casque et la salle de contr\u00f4le, offrant une exp\u00e9rience d\u2019\u00e9coute et de gestion audio compl\u00e8te. La Behringer XR12 est un incontournable pour les passionn\u00e9s de son, les ing\u00e9nieurs de mixage et les artistes en qu\u00eate d\u2019un \u00e9quipement fiable et polyvalent !<\/p>\n","protected":false},"excerpt":{"rendered":"<p class=\"p1\">La <b>Behringer XR12<\/b> est une table de mixage ultra-compacte avec <b>12 entr\u00e9es<\/b>, aliment\u00e9e en <b>USB 5V<\/b> pour une mobilit\u00e9 totale. Connectez-la \u00e0 un PC\/Mac pour enregistrer ou \u00e9couter en st\u00e9r\u00e9o, diffusez via <b>Bluetooth<\/b> et profitez d\u2019un <b>DSP 40 bits<\/b> avec plus de <b>100 effets<\/b>. Chaque canal mono inclut l\u2019alimentation fant\u00f4me 48V, et elle offre des sorties pour casque et salle de contr\u00f4le. Id\u00e9ale pour tous les passionn\u00e9s de son !<\/p>\n","protected":false},"featured_media":2765,"comment_status":"open","ping_status":"closed","template":"","meta":{"_acf_changed":false,"_et_pb_use_builder":"","_et_pb_old_content":"","_et_gb_content_width":"","_monsterinsights_skip_tracking":false,"_monsterinsights_sitenote_active":false,"_monsterinsights_sitenote_note":"","_monsterinsights_sitenote_category":0},"product_brand":[],"product_cat":[34,47,52],"product_tag":[],"class_list":{"0":"post-2762","1":"product","2":"type-product","3":"status-publish","4":"has-post-thumbnail","6":"product_cat-accessoires","7":"product_cat-dj-live","8":"product_cat-tables-de-mixage","10":"first","11":"instock","12":"shipping-taxable","13":"purchasable","14":"product-type-simple"},"bundled_by":[],"bundle_stock_status":"instock","bundle_stock_quantity":null,"bundle_virtual":false,"bundle_layout":"","bundle_add_to_cart_form_location":"","bundle_editable_in_cart":false,"bundle_sold_individually_context":"","bundle_item_grouping":"","bundle_min_size":"","bundle_max_size":"","bundle_price":[],"bundled_items":[],"bundle_sell_ids":[],"acf":[],"_links":{"self":[{"href":"https:\/\/airsoundlocation.ch\/en\/wp-json\/wp\/v2\/product\/2762","targetHints":{"allow":["GET"]}}],"collection":[{"href":"https:\/\/airsoundlocation.ch\/en\/wp-json\/wp\/v2\/product"}],"about":[{"href":"https:\/\/airsoundlocation.ch\/en\/wp-json\/wp\/v2\/types\/product"}],"replies":[{"embeddable":true,"href":"https:\/\/airsoundlocation.ch\/en\/wp-json\/wp\/v2\/comments?post=2762"}],"wp:featuredmedia":[{"embeddable":true,"href":"https:\/\/airsoundlocation.ch\/en\/wp-json\/wp\/v2\/media\/2765"}],"wp:attachment":[{"href":"https:\/\/airsoundlocation.ch\/en\/wp-json\/wp\/v2\/media?parent=2762"}],"wp:term":[{"taxonomy":"product_brand","embeddable":true,"href":"https:\/\/airsoundlocation.ch\/en\/wp-json\/wp\/v2\/product_brand?post=2762"},{"taxonomy":"product_cat","embeddable":true,"href":"https:\/\/airsoundlocation.ch\/en\/wp-json\/wp\/v2\/product_cat?post=2762"},{"taxonomy":"product_tag","embeddable":true,"href":"https:\/\/airsoundlocation.ch\/en\/wp-json\/wp\/v2\/product_tag?post=2762"}],"curies":[{"name":"wp","href":"https:\/\/api.w.org\/{rel}","templated":true}]}}